{"id":100,"date":"2023-10-22T19:04:37","date_gmt":"2023-10-22T19:04:37","guid":{"rendered":"https:\/\/kanzy.fr\/?page_id=100"},"modified":"2023-11-18T19:29:49","modified_gmt":"2023-11-18T19:29:49","slug":"contactez-nous","status":"publish","type":"page","link":"https:\/\/kanzy.fr\/index.php\/contactez-nous\/","title":{"rendered":"Contactez-nous"},"content":{"rendered":"<style id=\"wpforms-css-vars-430\">\n\t\t\t\t#wpforms-430 {\n\t\t\t\t\n\t\t\t}\n\t\t\t<\/style><div class=\"wpforms-container wpforms-container-full wpforms-render-modern\" id=\"wpforms-430\"><form id=\"wpforms-form-430\" class=\"wpforms-validate wpforms-form wpforms-ajax-form\" data-formid=\"430\" method=\"post\" enctype=\"multipart\/form-data\" action=\"\/index.php\/wp-json\/wp\/v2\/pages\/100\" data-token=\"29deba1925e1dbf6c3a035e37fb908d8\" data-token-time=\"1775727781\"><noscript class=\"wpforms-error-noscript\">Veuillez activer JavaScript dans votre navigateur pour remplir ce formulaire.<\/noscript><div id=\"wpforms-error-noscript\" style=\"display: none;\">Veuillez activer JavaScript dans votre navigateur pour remplir ce formulaire.<\/div><div class=\"wpforms-field-container\"><div id=\"wpforms-430-field_0-container\" class=\"wpforms-field wpforms-field-name\" data-field-id=\"0\"><fieldset><legend class=\"wpforms-field-label\">Nom <span class=\"wpforms-required-label\" aria-hidden=\"true\">*<\/span><\/legend><div class=\"wpforms-field-row wpforms-field-medium\"><div class=\"wpforms-field-row-block wpforms-first wpforms-one-half\"><input type=\"text\" id=\"wpforms-430-field_0\" class=\"wpforms-field-name-first wpforms-field-required\" name=\"wpforms[fields][0][first]\" aria-errormessage=\"wpforms-430-field_0-error\" required><label for=\"wpforms-430-field_0\" class=\"wpforms-field-sublabel after\">Pr\u00e9nom<\/label><\/div><div class=\"wpforms-field-row-block wpforms-one-half\"><input type=\"text\" id=\"wpforms-430-field_0-last\" class=\"wpforms-field-name-last wpforms-field-required\" name=\"wpforms[fields][0][last]\" aria-errormessage=\"wpforms-430-field_0-last-error\" required><label for=\"wpforms-430-field_0-last\" class=\"wpforms-field-sublabel after\">Nom<\/label><\/div><\/div><\/fieldset><\/div><div id=\"wpforms-430-field_1-container\" class=\"wpforms-field wpforms-field-email\" data-field-id=\"1\"><label class=\"wpforms-field-label\" for=\"wpforms-430-field_1\">E-mail <span class=\"wpforms-required-label\" aria-hidden=\"true\">*<\/span><\/label><input type=\"email\" id=\"wpforms-430-field_1\" class=\"wpforms-field-medium wpforms-field-required\" name=\"wpforms[fields][1]\" spellcheck=\"false\" aria-errormessage=\"wpforms-430-field_1-error\" required><\/div><div id=\"wpforms-430-field_3-container\" class=\"wpforms-field wpforms-field-select wpforms-field-select-style-classic\" data-field-id=\"3\"><label class=\"wpforms-field-label\" for=\"wpforms-430-field_3\">Sujet<\/label><select id=\"wpforms-430-field_3\" class=\"wpforms-field-medium\" name=\"wpforms[fields][3]\"><option value=\"Demande d&#039;information\"  class=\"choice-1 depth-1\"  >Demande d'information<\/option><option value=\"Suivi d&#039;une commande\"  class=\"choice-2 depth-1\"  >Suivi d'une commande<\/option><option value=\"Probl\u00e8me sur le site\"  class=\"choice-3 depth-1\"  >Probl\u00e8me sur le site<\/option><option value=\"Demande de partenariat\"  class=\"choice-4 depth-1\"  >Demande de partenariat<\/option><option value=\"Autres\"  class=\"choice-5 depth-1\"  >Autres<\/option><\/select><\/div><div id=\"wpforms-430-field_2-container\" class=\"wpforms-field wpforms-field-textarea\" data-field-id=\"2\"><label class=\"wpforms-field-label\" for=\"wpforms-430-field_2\">Commentaire ou message<\/label><textarea id=\"wpforms-430-field_2\" class=\"wpforms-field-medium\" name=\"wpforms[fields][2]\" aria-errormessage=\"wpforms-430-field_2-error\" ><\/textarea><\/div><\/div><!-- .wpforms-field-container --><div class=\"wpforms-submit-container\" ><input type=\"hidden\" name=\"wpforms[id]\" value=\"430\"><input type=\"hidden\" name=\"page_title\" value=\"\"><input type=\"hidden\" name=\"page_url\" value=\"https:\/\/kanzy.fr\/index.php\/wp-json\/wp\/v2\/pages\/100\"><input type=\"hidden\" name=\"url_referer\" value=\"\"><button type=\"submit\" name=\"wpforms[submit]\" id=\"wpforms-submit-430\" class=\"wpforms-submit\" data-alt-text=\"Envoi...\" data-submit-text=\"Envoyer\" aria-live=\"assertive\" value=\"wpforms-submit\">Envoyer<\/button><img loading=\"lazy\" decoding=\"async\" src=\"https:\/\/kanzy.fr\/wp-content\/plugins\/wpforms-lite\/assets\/images\/submit-spin.svg\" class=\"wpforms-submit-spinner\" style=\"display: none;\" width=\"26\" height=\"26\" alt=\"Chargement en cours\"><\/div><input type=\"hidden\" id=\"ct_checkjs_wpforms_d707329bece455a462b58ce00d1194c9\" name=\"ct_checkjs_wpforms\" value=\"0\" \/><script>setTimeout(function(){var ct_input_name = \"ct_checkjs_wpforms_d707329bece455a462b58ce00d1194c9\";if (document.getElementById(ct_input_name) !== null) {var ct_input_value = document.getElementById(ct_input_name).value;document.getElementById(ct_input_name).value = document.getElementById(ct_input_name).value.replace(ct_input_value, '43bd33555e868dfc5cabf034feed46407c0c0b82dbb68837131c9f898bc636be');}}, 1000);<\/script><input\n                    class=\"apbct_special_field apbct_email_id__wp_wpforms\"\n                    name=\"apbct__email_id__wp_wpforms\"\n                    aria-label=\"apbct__label_id__wp_wpforms\"\n                    type=\"text\" size=\"30\" maxlength=\"200\" autocomplete=\"off\"\n                    value=\"\"\n                \/><\/form><\/div>  <!-- .wpforms-container -->\n","protected":false},"excerpt":{"rendered":"","protected":false},"author":1,"featured_media":0,"parent":0,"menu_order":0,"comment_status":"closed","ping_status":"closed","template":"","meta":{"footnotes":""},"class_list":["post-100","page","type-page","status-publish","hentry"],"yoast_head":"<!-- This site is optimized with the Yoast SEO plugin v27.3 - https:\/\/yoast.com\/product\/yoast-seo-wordpress\/ -->\n<title>Contactez-nous - KANZY<\/title>\n<meta name=\"robots\" content=\"index, follow, max-snippet:-1, max-image-preview:large, max-video-preview:-1\" \/>\n<link rel=\"canonical\" href=\"https:\/\/kanzy.fr\/index.php\/contactez-nous\/\" \/>\n<meta property=\"og:locale\" content=\"fr_FR\" \/>\n<meta property=\"og:type\" content=\"article\" \/>\n<meta property=\"og:title\" content=\"Contactez-nous - KANZY\" \/>\n<meta property=\"og:url\" content=\"https:\/\/kanzy.fr\/index.php\/contactez-nous\/\" \/>\n<meta property=\"og:site_name\" content=\"KANZY\" \/>\n<meta property=\"article:publisher\" content=\"https:\/\/www.facebook.com\/kanzy.fr1\/\" \/>\n<meta property=\"article:modified_time\" content=\"2023-11-18T19:29:49+00:00\" \/>\n<meta name=\"twitter:card\" content=\"summary_large_image\" \/>\n<script type=\"application\/ld+json\" class=\"yoast-schema-graph\">{\"@context\":\"https:\\\/\\\/schema.org\",\"@graph\":[{\"@type\":\"WebPage\",\"@id\":\"https:\\\/\\\/kanzy.fr\\\/index.php\\\/contactez-nous\\\/\",\"url\":\"https:\\\/\\\/kanzy.fr\\\/index.php\\\/contactez-nous\\\/\",\"name\":\"Contactez-nous - KANZY\",\"isPartOf\":{\"@id\":\"https:\\\/\\\/kanzy.fr\\\/#website\"},\"datePublished\":\"2023-10-22T19:04:37+00:00\",\"dateModified\":\"2023-11-18T19:29:49+00:00\",\"breadcrumb\":{\"@id\":\"https:\\\/\\\/kanzy.fr\\\/index.php\\\/contactez-nous\\\/#breadcrumb\"},\"inLanguage\":\"fr-FR\",\"potentialAction\":[{\"@type\":\"ReadAction\",\"target\":[\"https:\\\/\\\/kanzy.fr\\\/index.php\\\/contactez-nous\\\/\"]}]},{\"@type\":\"BreadcrumbList\",\"@id\":\"https:\\\/\\\/kanzy.fr\\\/index.php\\\/contactez-nous\\\/#breadcrumb\",\"itemListElement\":[{\"@type\":\"ListItem\",\"position\":1,\"name\":\"Accueil\",\"item\":\"https:\\\/\\\/kanzy.fr\\\/\"},{\"@type\":\"ListItem\",\"position\":2,\"name\":\"Contactez-nous\"}]},{\"@type\":\"WebSite\",\"@id\":\"https:\\\/\\\/kanzy.fr\\\/#website\",\"url\":\"https:\\\/\\\/kanzy.fr\\\/\",\"name\":\"KANZY\",\"description\":\"Bienvenue sur Kanzy.fr, votre destination en ligne pour l&#039;\u00e9l\u00e9gance et le charme des v\u00eatements traditionnels marocains. Plongez dans l&#039;univers captivant de la mode marocaine et d\u00e9couvrez une s\u00e9lection soigneusement choisie de v\u00eatements authentiques qui c\u00e9l\u00e8brent l&#039;h\u00e9ritage culturel du Maroc.\",\"publisher\":{\"@id\":\"https:\\\/\\\/kanzy.fr\\\/#organization\"},\"potentialAction\":[{\"@type\":\"SearchAction\",\"target\":{\"@type\":\"EntryPoint\",\"urlTemplate\":\"https:\\\/\\\/kanzy.fr\\\/?s={search_term_string}\"},\"query-input\":{\"@type\":\"PropertyValueSpecification\",\"valueRequired\":true,\"valueName\":\"search_term_string\"}}],\"inLanguage\":\"fr-FR\"},{\"@type\":\"Organization\",\"@id\":\"https:\\\/\\\/kanzy.fr\\\/#organization\",\"name\":\"KANZY\",\"url\":\"https:\\\/\\\/kanzy.fr\\\/\",\"logo\":{\"@type\":\"ImageObject\",\"inLanguage\":\"fr-FR\",\"@id\":\"https:\\\/\\\/kanzy.fr\\\/#\\\/schema\\\/logo\\\/image\\\/\",\"url\":\"https:\\\/\\\/kanzy.fr\\\/wp-content\\\/uploads\\\/2023\\\/11\\\/cropped-1697977786494-2.png\",\"contentUrl\":\"https:\\\/\\\/kanzy.fr\\\/wp-content\\\/uploads\\\/2023\\\/11\\\/cropped-1697977786494-2.png\",\"width\":100,\"height\":49,\"caption\":\"KANZY\"},\"image\":{\"@id\":\"https:\\\/\\\/kanzy.fr\\\/#\\\/schema\\\/logo\\\/image\\\/\"},\"sameAs\":[\"https:\\\/\\\/www.facebook.com\\\/kanzy.fr1\\\/\"]}]}<\/script>\n<!-- \/ Yoast SEO plugin. -->","yoast_head_json":{"title":"Contactez-nous - KANZY","robots":{"index":"index","follow":"follow","max-snippet":"max-snippet:-1","max-image-preview":"max-image-preview:large","max-video-preview":"max-video-preview:-1"},"canonical":"https:\/\/kanzy.fr\/index.php\/contactez-nous\/","og_locale":"fr_FR","og_type":"article","og_title":"Contactez-nous - KANZY","og_url":"https:\/\/kanzy.fr\/index.php\/contactez-nous\/","og_site_name":"KANZY","article_publisher":"https:\/\/www.facebook.com\/kanzy.fr1\/","article_modified_time":"2023-11-18T19:29:49+00:00","twitter_card":"summary_large_image","schema":{"@context":"https:\/\/schema.org","@graph":[{"@type":"WebPage","@id":"https:\/\/kanzy.fr\/index.php\/contactez-nous\/","url":"https:\/\/kanzy.fr\/index.php\/contactez-nous\/","name":"Contactez-nous - KANZY","isPartOf":{"@id":"https:\/\/kanzy.fr\/#website"},"datePublished":"2023-10-22T19:04:37+00:00","dateModified":"2023-11-18T19:29:49+00:00","breadcrumb":{"@id":"https:\/\/kanzy.fr\/index.php\/contactez-nous\/#breadcrumb"},"inLanguage":"fr-FR","potentialAction":[{"@type":"ReadAction","target":["https:\/\/kanzy.fr\/index.php\/contactez-nous\/"]}]},{"@type":"BreadcrumbList","@id":"https:\/\/kanzy.fr\/index.php\/contactez-nous\/#breadcrumb","itemListElement":[{"@type":"ListItem","position":1,"name":"Accueil","item":"https:\/\/kanzy.fr\/"},{"@type":"ListItem","position":2,"name":"Contactez-nous"}]},{"@type":"WebSite","@id":"https:\/\/kanzy.fr\/#website","url":"https:\/\/kanzy.fr\/","name":"KANZY","description":"Bienvenue sur Kanzy.fr, votre destination en ligne pour l&#039;\u00e9l\u00e9gance et le charme des v\u00eatements traditionnels marocains. Plongez dans l&#039;univers captivant de la mode marocaine et d\u00e9couvrez une s\u00e9lection soigneusement choisie de v\u00eatements authentiques qui c\u00e9l\u00e8brent l&#039;h\u00e9ritage culturel du Maroc.","publisher":{"@id":"https:\/\/kanzy.fr\/#organization"},"potentialAction":[{"@type":"SearchAction","target":{"@type":"EntryPoint","urlTemplate":"https:\/\/kanzy.fr\/?s={search_term_string}"},"query-input":{"@type":"PropertyValueSpecification","valueRequired":true,"valueName":"search_term_string"}}],"inLanguage":"fr-FR"},{"@type":"Organization","@id":"https:\/\/kanzy.fr\/#organization","name":"KANZY","url":"https:\/\/kanzy.fr\/","logo":{"@type":"ImageObject","inLanguage":"fr-FR","@id":"https:\/\/kanzy.fr\/#\/schema\/logo\/image\/","url":"https:\/\/kanzy.fr\/wp-content\/uploads\/2023\/11\/cropped-1697977786494-2.png","contentUrl":"https:\/\/kanzy.fr\/wp-content\/uploads\/2023\/11\/cropped-1697977786494-2.png","width":100,"height":49,"caption":"KANZY"},"image":{"@id":"https:\/\/kanzy.fr\/#\/schema\/logo\/image\/"},"sameAs":["https:\/\/www.facebook.com\/kanzy.fr1\/"]}]}},"_links":{"self":[{"href":"https:\/\/kanzy.fr\/index.php\/wp-json\/wp\/v2\/pages\/100","targetHints":{"allow":["GET"]}}],"collection":[{"href":"https:\/\/kanzy.fr\/index.php\/wp-json\/wp\/v2\/pages"}],"about":[{"href":"https:\/\/kanzy.fr\/index.php\/wp-json\/wp\/v2\/types\/page"}],"author":[{"embeddable":true,"href":"https:\/\/kanzy.fr\/index.php\/wp-json\/wp\/v2\/users\/1"}],"replies":[{"embeddable":true,"href":"https:\/\/kanzy.fr\/index.php\/wp-json\/wp\/v2\/comments?post=100"}],"version-history":[{"count":5,"href":"https:\/\/kanzy.fr\/index.php\/wp-json\/wp\/v2\/pages\/100\/revisions"}],"predecessor-version":[{"id":434,"href":"https:\/\/kanzy.fr\/index.php\/wp-json\/wp\/v2\/pages\/100\/revisions\/434"}],"wp:attachment":[{"href":"https:\/\/kanzy.fr\/index.php\/wp-json\/wp\/v2\/media?parent=100"}],"curies":[{"name":"wp","href":"https:\/\/api.w.org\/{rel}","templated":true}]}}