{"id":370,"date":"2023-11-05T08:22:24","date_gmt":"2023-11-05T08:22:24","guid":{"rendered":"https:\/\/kanzy.fr\/?page_id=370"},"modified":"2025-11-23T13:20:32","modified_gmt":"2025-11-23T13:20:32","slug":"politique-de-retour","status":"publish","type":"page","link":"https:\/\/kanzy.fr\/index.php\/politique-de-retour\/","title":{"rendered":"Politique de retour"},"content":{"rendered":"\n<p>Conform\u00e9ment aux articles L. 221-18 et suivants du Code de la Consommation, vous disposez d&rsquo;un d\u00e9lai de quatorze (14) jours courant \u00e0 compter du lendemain de la r\u00e9ception du dernier produit de votre commande pour exercer votre droit de r\u00e9tractation sans avoir \u00e0 justifier de motifs ni \u00e0 payer de p\u00e9nalit\u00e9s.<\/p>\n\n\n\n<p>Si le d\u00e9lai de quatorze (14) jours expire un samedi, un dimanche ou un jour f\u00e9ri\u00e9 ou ch\u00f4m\u00e9, il est prorog\u00e9 jusqu&rsquo;au premier jour ouvrable suivant.<\/p>\n\n\n\n<p>Le retour des produits se fait sous votre responsabilit\u00e9 et \u00e0 vos frais. <\/p>\n\n\n\n<p>En effet, si pour quelques raisons le client annulerait sa commande ou une parti de celle-ci , les frais de livraisons serons dus (Applicable pour les frais offerts, si le client a b\u00e9n\u00e9fici\u00e9 de frais offerts conditionn\u00e9s \u00e0 un montant, si celui-ci venait \u00e0 annuler sa commande ou \u00e0 une partie de sa commande les frais de livraison offerts seront dus et d\u00e9duis du remboursement).<\/p>\n\n\n\n<p>Si une de ces conditions manquait, le remboursement ne pourrait s&rsquo;effectuer.<\/p>\n\n\n\n<p>Tout dommage subi par les produits \u00e0 cette occasion est de nature \u00e0 faire \u00e9chec \u00e0 l\u2019exercice de votre droit de r\u00e9tractation.<\/p>\n\n\n\n<p>Le produit doit \u00eatre retourn\u00e9 en bon \u00e9tat, complet, non usag\u00e9. La r\u00e9f\u00e9rence de la commande ainsi que la demande de remboursement doivent \u00eatre clairement stipul\u00e9e dans l&rsquo;envoie. Le produit doit \u00eatre dans son emballage , avec son \u00e9tiquette et en tr\u00e8s bon \u00e9tat.<\/p>\n\n\n\n<p>Concernant la commande de Coupons, vous ne pourrez b\u00e9n\u00e9ficier du droit de r\u00e9tractation qu&rsquo;\u00e0 condition que votre Coupon n&rsquo;ait pas \u00e9t\u00e9 utilis\u00e9.<\/p>\n\n\n\n<p>Pour exercer votre droit de r\u00e9traction, vous devez nous notifier votre d\u00e9cision de vous r\u00e9tracter de votre commande dans le d\u00e9lai indiqu\u00e9 \u00e0 l\u2019article 8.1.<\/p>\n\n\n\n<p>Cette notification doit \u00eatre effectu\u00e9e par \u00e9crit ou par tout moyen nous permettant d&rsquo;accuser r\u00e9ception de votre demande et notamment :<\/p>\n\n\n\n<ul class=\"wp-block-list\">\n<li>Par email \u00e0 <strong>contact@kanzy.fr<\/strong><\/li>\n\n\n\n<li>par voie postale \u00e0 l&rsquo;adresse :  <strong>31-33 Bd de l&rsquo;Europe 93190 Livry-Gargan<\/strong>.<\/li>\n<\/ul>\n\n\n\n<p>Votre demande doit contenir les informations suivantes :<\/p>\n\n\n\n<ul class=\"wp-block-list\">\n<li>les produits\/services pour lesquels vous vous r\u00e9tractez<\/li>\n\n\n\n<li>Date de r\u00e9ception de la commande<\/li>\n\n\n\n<li>N\u00b0 de commande<\/li>\n\n\n\n<li>Nom du (des) consommateur(s)<\/li>\n\n\n\n<li>Adresse du (des) consommateur(s)<\/li>\n\n\n\n<li>Signature du (des) consommateur(s) (uniquement en cas de notification du pr\u00e9sent formulaire sur papier)<\/li>\n<\/ul>\n\n\n\n<p>A r\u00e9ception de votre demande de r\u00e9tractation et si celle-ci est conforme aux CGV, KANZY vous proposera&nbsp;:<br>&#8211;&nbsp;&nbsp;&nbsp;&nbsp;&nbsp;&nbsp;&nbsp;&nbsp;&nbsp; un bon pr\u00e9pay\u00e9 pour retourner le produit concern\u00e9. Le cas \u00e9ch\u00e9ant, le montant de ce bon pr\u00e9pay\u00e9 sera d\u00e9duit du remboursement op\u00e9r\u00e9 par KANZY au titre de la r\u00e9tractation.<br>&#8211;&nbsp;&nbsp;&nbsp;&nbsp;&nbsp;&nbsp;&nbsp;&nbsp;&nbsp; soit de retourner le produit concern\u00e9 par vos soins.<\/p>\n\n\n\n<p>En toute hypoth\u00e8se, nous vous adresserons un accord de retour contenant un num\u00e9ro de retour et pr\u00e9cisant les modalit\u00e9s de retour de votre colis. Nous vous recommandons d\u2019imprimer et de coller ce num\u00e9ro de retour sur le colis afin de permettre un traitement plus rapide de votre demande.<\/p>\n\n\n\n<p>Vous vous engagez \u00e0 retourner \u00e0 KANZY les produits faisant l\u2019objet d\u2019une r\u00e9tractation dans les 14 jours calendaires suivants l\u2019envoi de la notification de votre d\u00e9cision de vous r\u00e9tracter.<\/p>\n\n\n\n<p>Si une m\u00eame commande contient plusieurs articles , livr\u00e9s par colis distincts, alors le retour des produits concern\u00e9s par une demande de r\u00e9tractation se fait de mani\u00e8re dissoci\u00e9e.<\/p>\n\n\n\n<p>Pour un meilleur traitement des demandes de r\u00e9tractation, chaque produit d&rsquo;une m\u00eame commande qui fait l&rsquo;objet d&rsquo;une demande de r\u00e9tractation, doit faire l&rsquo;objet d&rsquo;un retour dans un colis distinct.<\/p>\n\n\n\n<p>Conform\u00e9ment aux dispositions de l\u2019article L. 221-23 du Code de la consommation, vous \u00eates responsable de la manipulation des biens et de la d\u00e9pr\u00e9ciation de leur valeur au cours du d\u00e9lai de r\u00e9tractation. A ce titre, KANZY se r\u00e9serve la facult\u00e9 d\u2019engager votre responsabilit\u00e9 en cas de d\u00e9pr\u00e9ciation des produits retourn\u00e9s dans le cadre de l\u2019exercice du droit de r\u00e9tractation, r\u00e9sultant de manipulations des articles. <\/p>\n\n\n\n<p>Conform\u00e9ment \u00e0 l\u2019article L221-28 du Code de la Consommation, le droit de r\u00e9tractation ne peut \u00eatre exerc\u00e9 pour :<br><br>&#8211;&nbsp;&nbsp;&nbsp;&nbsp;&nbsp;&nbsp;&nbsp;&nbsp;&nbsp; Les biens confectionn\u00e9s selon vos sp\u00e9cifications ou nettement personnalis\u00e9s ; <\/p>\n\n\n\n<p>&#8211;&nbsp;&nbsp;&nbsp;&nbsp;&nbsp;&nbsp;&nbsp;&nbsp;&nbsp; Les biens susceptibles de se d\u00e9t\u00e9riorer ou de se p\u00e9rimer rapidement.<br>&#8211;&nbsp;&nbsp;&nbsp;&nbsp;&nbsp;&nbsp;&nbsp;&nbsp;&nbsp; Les biens qui ont \u00e9t\u00e9 descell\u00e9s apr\u00e8s la livraison et qui ne peuvent \u00eatre renvoy\u00e9s pour des raisons d&rsquo;hygi\u00e8ne ou de protection de la sant\u00e9 : c\u2019est par exemple le cas des articles textiles livr\u00e9s avec des scell\u00e9s d\u2019hygi\u00e8ne (sous-v\u00eatements, maillots de bain, etc.) lorsque ceux-ci auront \u00e9t\u00e9 retir\u00e9s, les produits du rayon Bijoux tels que les piercings et boucles d&rsquo;oreilles, etc&#8230;<br>&#8211;&nbsp;&nbsp;&nbsp;&nbsp;&nbsp;&nbsp;&nbsp;&nbsp;&nbsp; Les biens qui, apr\u00e8s avoir \u00e9t\u00e9 livr\u00e9s et de par leur nature, sont m\u00e9lang\u00e9s de mani\u00e8re indissociable avec d&rsquo;autres articles ;<br><\/p>\n\n\n\n<p>A la suite de votre demande de r\u00e9tractation, KANZY , conform\u00e9ment aux dispositions l\u00e9gales, proc\u00e9dera \u00e0 votre remboursement dans un d\u00e9lai de 14 jours suivant la notification de votre demande de r\u00e9tractation.<\/p>\n\n\n\n<p>En l\u2019absence de r\u00e9ception de votre produit ou d\u2019une preuve d\u2019exp\u00e9dition de votre produit dans ce d\u00e9lai, KANZEY se r\u00e9serve le droit de reporter votre remboursement jusqu\u2019au jour de la r\u00e9ception de votre produit.<\/p>\n\n\n\n<p>KANZY  proc\u00e9dera \u00e0 votre remboursement via le m\u00eame moyen de paiement que celui utilis\u00e9 au jour de votre commande, sauf dans le cas o\u00f9 le moyen de paiement utilis\u00e9 ne le permettrait pas.<\/p>\n\n\n\n<p>Ainsi, si vous avez pay\u00e9 votre commande \u00e0 l\u2019aide d\u2019une carte bancaire KANZY proc\u00e9dera \u00e0 votre remboursement par recr\u00e9dit sur votre carte bancaire.<\/p>\n","protected":false},"excerpt":{"rendered":"<p>Conform\u00e9ment aux articles L. 221-18 et suivants du Code de la Consommation, vous disposez d&rsquo;un d\u00e9lai de quatorze (14) jours courant \u00e0 compter du lendemain de la r\u00e9ception du dernier produit de votre commande pour exercer votre droit de r\u00e9tractation sans avoir \u00e0 justifier de motifs ni \u00e0 payer de p\u00e9nalit\u00e9s. Si le d\u00e9lai de [&hellip;]<\/p>\n","protected":false},"author":1,"featured_media":0,"parent":0,"menu_order":0,"comment_status":"closed","ping_status":"closed","template":"","meta":{"footnotes":""},"class_list":["post-370","page","type-page","status-publish","hentry"],"yoast_head":"<!-- This site is optimized with the Yoast SEO plugin v27.3 - https:\/\/yoast.com\/product\/yoast-seo-wordpress\/ -->\n<title>Politique de retour - KANZY<\/title>\n<meta name=\"robots\" content=\"index, follow, max-snippet:-1, max-image-preview:large, max-video-preview:-1\" \/>\n<link rel=\"canonical\" href=\"https:\/\/kanzy.fr\/index.php\/politique-de-retour\/\" \/>\n<meta property=\"og:locale\" content=\"fr_FR\" \/>\n<meta property=\"og:type\" content=\"article\" \/>\n<meta property=\"og:title\" content=\"Politique de retour - KANZY\" \/>\n<meta property=\"og:description\" content=\"Conform\u00e9ment aux articles L. 221-18 et suivants du Code de la Consommation, vous disposez d&rsquo;un d\u00e9lai de quatorze (14) jours courant \u00e0 compter du lendemain de la r\u00e9ception du dernier produit de votre commande pour exercer votre droit de r\u00e9tractation sans avoir \u00e0 justifier de motifs ni \u00e0 payer de p\u00e9nalit\u00e9s. Si le d\u00e9lai de [&hellip;]\" \/>\n<meta property=\"og:url\" content=\"https:\/\/kanzy.fr\/index.php\/politique-de-retour\/\" \/>\n<meta property=\"og:site_name\" content=\"KANZY\" \/>\n<meta property=\"article:publisher\" content=\"https:\/\/www.facebook.com\/kanzy.fr1\/\" \/>\n<meta property=\"article:modified_time\" content=\"2025-11-23T13:20:32+00:00\" \/>\n<meta name=\"twitter:card\" content=\"summary_large_image\" \/>\n<meta name=\"twitter:label1\" content=\"Dur\u00e9e de lecture estim\u00e9e\" \/>\n\t<meta name=\"twitter:data1\" content=\"5 minutes\" \/>\n<script type=\"application\/ld+json\" class=\"yoast-schema-graph\">{\"@context\":\"https:\\\/\\\/schema.org\",\"@graph\":[{\"@type\":\"WebPage\",\"@id\":\"https:\\\/\\\/kanzy.fr\\\/index.php\\\/politique-de-retour\\\/\",\"url\":\"https:\\\/\\\/kanzy.fr\\\/index.php\\\/politique-de-retour\\\/\",\"name\":\"Politique de retour - KANZY\",\"isPartOf\":{\"@id\":\"https:\\\/\\\/kanzy.fr\\\/#website\"},\"datePublished\":\"2023-11-05T08:22:24+00:00\",\"dateModified\":\"2025-11-23T13:20:32+00:00\",\"breadcrumb\":{\"@id\":\"https:\\\/\\\/kanzy.fr\\\/index.php\\\/politique-de-retour\\\/#breadcrumb\"},\"inLanguage\":\"fr-FR\",\"potentialAction\":[{\"@type\":\"ReadAction\",\"target\":[\"https:\\\/\\\/kanzy.fr\\\/index.php\\\/politique-de-retour\\\/\"]}]},{\"@type\":\"BreadcrumbList\",\"@id\":\"https:\\\/\\\/kanzy.fr\\\/index.php\\\/politique-de-retour\\\/#breadcrumb\",\"itemListElement\":[{\"@type\":\"ListItem\",\"position\":1,\"name\":\"Accueil\",\"item\":\"https:\\\/\\\/kanzy.fr\\\/\"},{\"@type\":\"ListItem\",\"position\":2,\"name\":\"Politique de retour\"}]},{\"@type\":\"WebSite\",\"@id\":\"https:\\\/\\\/kanzy.fr\\\/#website\",\"url\":\"https:\\\/\\\/kanzy.fr\\\/\",\"name\":\"KANZY\",\"description\":\"Bienvenue sur Kanzy.fr, votre destination en ligne pour l&#039;\u00e9l\u00e9gance et le charme des v\u00eatements traditionnels marocains. Plongez dans l&#039;univers captivant de la mode marocaine et d\u00e9couvrez une s\u00e9lection soigneusement choisie de v\u00eatements authentiques qui c\u00e9l\u00e8brent l&#039;h\u00e9ritage culturel du Maroc.\",\"publisher\":{\"@id\":\"https:\\\/\\\/kanzy.fr\\\/#organization\"},\"potentialAction\":[{\"@type\":\"SearchAction\",\"target\":{\"@type\":\"EntryPoint\",\"urlTemplate\":\"https:\\\/\\\/kanzy.fr\\\/?s={search_term_string}\"},\"query-input\":{\"@type\":\"PropertyValueSpecification\",\"valueRequired\":true,\"valueName\":\"search_term_string\"}}],\"inLanguage\":\"fr-FR\"},{\"@type\":\"Organization\",\"@id\":\"https:\\\/\\\/kanzy.fr\\\/#organization\",\"name\":\"KANZY\",\"url\":\"https:\\\/\\\/kanzy.fr\\\/\",\"logo\":{\"@type\":\"ImageObject\",\"inLanguage\":\"fr-FR\",\"@id\":\"https:\\\/\\\/kanzy.fr\\\/#\\\/schema\\\/logo\\\/image\\\/\",\"url\":\"https:\\\/\\\/kanzy.fr\\\/wp-content\\\/uploads\\\/2023\\\/11\\\/cropped-1697977786494-2.png\",\"contentUrl\":\"https:\\\/\\\/kanzy.fr\\\/wp-content\\\/uploads\\\/2023\\\/11\\\/cropped-1697977786494-2.png\",\"width\":100,\"height\":49,\"caption\":\"KANZY\"},\"image\":{\"@id\":\"https:\\\/\\\/kanzy.fr\\\/#\\\/schema\\\/logo\\\/image\\\/\"},\"sameAs\":[\"https:\\\/\\\/www.facebook.com\\\/kanzy.fr1\\\/\"]}]}<\/script>\n<!-- \/ Yoast SEO plugin. -->","yoast_head_json":{"title":"Politique de retour - KANZY","robots":{"index":"index","follow":"follow","max-snippet":"max-snippet:-1","max-image-preview":"max-image-preview:large","max-video-preview":"max-video-preview:-1"},"canonical":"https:\/\/kanzy.fr\/index.php\/politique-de-retour\/","og_locale":"fr_FR","og_type":"article","og_title":"Politique de retour - KANZY","og_description":"Conform\u00e9ment aux articles L. 221-18 et suivants du Code de la Consommation, vous disposez d&rsquo;un d\u00e9lai de quatorze (14) jours courant \u00e0 compter du lendemain de la r\u00e9ception du dernier produit de votre commande pour exercer votre droit de r\u00e9tractation sans avoir \u00e0 justifier de motifs ni \u00e0 payer de p\u00e9nalit\u00e9s. Si le d\u00e9lai de [&hellip;]","og_url":"https:\/\/kanzy.fr\/index.php\/politique-de-retour\/","og_site_name":"KANZY","article_publisher":"https:\/\/www.facebook.com\/kanzy.fr1\/","article_modified_time":"2025-11-23T13:20:32+00:00","twitter_card":"summary_large_image","twitter_misc":{"Dur\u00e9e de lecture estim\u00e9e":"5 minutes"},"schema":{"@context":"https:\/\/schema.org","@graph":[{"@type":"WebPage","@id":"https:\/\/kanzy.fr\/index.php\/politique-de-retour\/","url":"https:\/\/kanzy.fr\/index.php\/politique-de-retour\/","name":"Politique de retour - KANZY","isPartOf":{"@id":"https:\/\/kanzy.fr\/#website"},"datePublished":"2023-11-05T08:22:24+00:00","dateModified":"2025-11-23T13:20:32+00:00","breadcrumb":{"@id":"https:\/\/kanzy.fr\/index.php\/politique-de-retour\/#breadcrumb"},"inLanguage":"fr-FR","potentialAction":[{"@type":"ReadAction","target":["https:\/\/kanzy.fr\/index.php\/politique-de-retour\/"]}]},{"@type":"BreadcrumbList","@id":"https:\/\/kanzy.fr\/index.php\/politique-de-retour\/#breadcrumb","itemListElement":[{"@type":"ListItem","position":1,"name":"Accueil","item":"https:\/\/kanzy.fr\/"},{"@type":"ListItem","position":2,"name":"Politique de retour"}]},{"@type":"WebSite","@id":"https:\/\/kanzy.fr\/#website","url":"https:\/\/kanzy.fr\/","name":"KANZY","description":"Bienvenue sur Kanzy.fr, votre destination en ligne pour l&#039;\u00e9l\u00e9gance et le charme des v\u00eatements traditionnels marocains. Plongez dans l&#039;univers captivant de la mode marocaine et d\u00e9couvrez une s\u00e9lection soigneusement choisie de v\u00eatements authentiques qui c\u00e9l\u00e8brent l&#039;h\u00e9ritage culturel du Maroc.","publisher":{"@id":"https:\/\/kanzy.fr\/#organization"},"potentialAction":[{"@type":"SearchAction","target":{"@type":"EntryPoint","urlTemplate":"https:\/\/kanzy.fr\/?s={search_term_string}"},"query-input":{"@type":"PropertyValueSpecification","valueRequired":true,"valueName":"search_term_string"}}],"inLanguage":"fr-FR"},{"@type":"Organization","@id":"https:\/\/kanzy.fr\/#organization","name":"KANZY","url":"https:\/\/kanzy.fr\/","logo":{"@type":"ImageObject","inLanguage":"fr-FR","@id":"https:\/\/kanzy.fr\/#\/schema\/logo\/image\/","url":"https:\/\/kanzy.fr\/wp-content\/uploads\/2023\/11\/cropped-1697977786494-2.png","contentUrl":"https:\/\/kanzy.fr\/wp-content\/uploads\/2023\/11\/cropped-1697977786494-2.png","width":100,"height":49,"caption":"KANZY"},"image":{"@id":"https:\/\/kanzy.fr\/#\/schema\/logo\/image\/"},"sameAs":["https:\/\/www.facebook.com\/kanzy.fr1\/"]}]}},"_links":{"self":[{"href":"https:\/\/kanzy.fr\/index.php\/wp-json\/wp\/v2\/pages\/370","targetHints":{"allow":["GET"]}}],"collection":[{"href":"https:\/\/kanzy.fr\/index.php\/wp-json\/wp\/v2\/pages"}],"about":[{"href":"https:\/\/kanzy.fr\/index.php\/wp-json\/wp\/v2\/types\/page"}],"author":[{"embeddable":true,"href":"https:\/\/kanzy.fr\/index.php\/wp-json\/wp\/v2\/users\/1"}],"replies":[{"embeddable":true,"href":"https:\/\/kanzy.fr\/index.php\/wp-json\/wp\/v2\/comments?post=370"}],"version-history":[{"count":2,"href":"https:\/\/kanzy.fr\/index.php\/wp-json\/wp\/v2\/pages\/370\/revisions"}],"predecessor-version":[{"id":697,"href":"https:\/\/kanzy.fr\/index.php\/wp-json\/wp\/v2\/pages\/370\/revisions\/697"}],"wp:attachment":[{"href":"https:\/\/kanzy.fr\/index.php\/wp-json\/wp\/v2\/media?parent=370"}],"curies":[{"name":"wp","href":"https:\/\/api.w.org\/{rel}","templated":true}]}}