{"id":87,"date":"2023-10-21T19:22:44","date_gmt":"2023-10-21T19:22:44","guid":{"rendered":"https:\/\/kanzy.fr\/?page_id=87"},"modified":"2023-10-21T19:41:29","modified_gmt":"2023-10-21T19:41:29","slug":"mentions-legales","status":"publish","type":"page","link":"https:\/\/kanzy.fr\/index.php\/mentions-legales\/","title":{"rendered":"MENTIONS LEGALES"},"content":{"rendered":"\n<p><strong>I.<\/strong> Ce site internet est \u00e9dit\u00e9 et h\u00e9berg\u00e9 par KANZY, entreprise immatricul\u00e9e au Registre du Commerce et des Soci\u00e9t\u00e9s de BOBIGNY sous le num\u00e9ro 980 500 508, dont le si\u00e8ge social est situ\u00e9 39 Rue Du Bois 93420 Villepinte.<br>L&rsquo;entreprise est g\u00e9r\u00e9e par Madame Nabiha HADAOUI.<\/p>\n\n\n\n<p><strong>II. <\/strong>Pour toute information ou conseil, vous pouvez nous contacter sur :<\/p>\n\n\n\n<ul class=\"wp-block-list\">\n<li>Whatsapp ou T\u00e9l : (+33) 6 69 43 08 35<\/li>\n\n\n\n<li>par email : contact@kanzy.fr <\/li>\n<\/ul>\n\n\n\n<p><strong>III.<\/strong> KANZY met tout en \u0153uvre pour offrir \u00e0 ses utilisateurs la meilleure exp\u00e9rience de navigation<br>possible ainsi que des informations compl\u00e8tes et pertinentes. Dans le cas o\u00f9 vous remarqueriez un<br>contenu inappropri\u00e9 ou illicite, nous vous invitons \u00e0 nous le signaler via les moyens mis \u00e0 votre disposition par Kanzy , ou par email \u00e0 l&rsquo;adresse <a href=\"mailto:reclamation@kanzy.fr\">reclamation@kanzy.fr<\/a>.<\/p>\n\n\n\n<p><strong>IV. <\/strong>KANZY est propri\u00e9taire et\/ou dispose des autorisations n\u00e9cessaires pour diffuser l\u2019int\u00e9gralit\u00e9 du contenu du Site ou rendu disponible \u00e0 travers le Site et notamment, les textes, dessins, graphiques,images, photos, marques et logos. Il vous est par cons\u00e9quent interdit de copier, modifier, retranscrire, extraire, r\u00e9utiliser et d\u2019une mani\u00e8re g\u00e9n\u00e9rale reproduire et diffuser lesdits contenus sans l\u2019autorisation expresse de KANZY. Nous attirons votre attention sur le fait que la violation des droits de propri\u00e9t\u00e9 intellectuelle est constitutive du d\u00e9lit de contrefa\u00e7on, p\u00e9nalement sanctionn\u00e9.<\/p>\n\n\n\n<p>En cons\u00e9quence, sauf autorisation de KANZY, vous vous engagez \u00e0 ne pas :<\/p>\n\n\n\n<ul class=\"wp-block-list\">\n<li>Int\u00e9grer tout ou partie du contenu du Site dans un site tiers, \u00e0 des fins commerciales ou non ;<\/li>\n\n\n\n<li>Utiliser un robot, notamment d&rsquo;exploration (spider), une application de recherche ou de<br>r\u00e9cup\u00e9ration de sites web ou tout autre moyen permettant de r\u00e9cup\u00e9rer ou d&rsquo;indexer tout ou<br>partie du contenu du Site sans l\u2019accord \u00e9crit et pr\u00e9alable de KANZY;<\/li>\n\n\n\n<li>A ne pas extraire et\/ou r\u00e9utiliser tout ou partie des donn\u00e9es accessibles via le Site, y compris en<br>quantit\u00e9 non substantielle.<\/li>\n<\/ul>\n\n\n\n<p><strong>V. <\/strong>Nous vous rappelons que nos conditions g\u00e9n\u00e9rales de vente sont accessibles \u00e0 tout moment pendant votre navigation au bas de chacune des pages de notre Site, en cliquant sur le lien \u00ab Conditions G\u00e9n\u00e9rales de Vente \u00bb<\/p>\n\n\n\n<p><strong>VI. <\/strong>Afin d\u2019avoir plus d\u2019informations sur la protection et le traitement de vos donn\u00e9es \u00e0 caract\u00e8re personnel , nous vous invitons \u00e0 consulter notre page \u00ab Politique de protection des donn\u00e9es personnelles \u00bb accessible au bas de chaque page du Site.<\/p>\n\n\n\n<p><\/p>\n","protected":false},"excerpt":{"rendered":"<p>I. Ce site internet est \u00e9dit\u00e9 et h\u00e9berg\u00e9 par KANZY, entreprise immatricul\u00e9e au Registre du Commerce et des Soci\u00e9t\u00e9s de BOBIGNY sous le num\u00e9ro 980 500 508, dont le si\u00e8ge social est situ\u00e9 39 Rue Du Bois 93420 Villepinte.L&rsquo;entreprise est g\u00e9r\u00e9e par Madame Nabiha HADAOUI. II. Pour toute information ou conseil, vous pouvez nous contacter [&hellip;]<\/p>\n","protected":false},"author":1,"featured_media":0,"parent":0,"menu_order":0,"comment_status":"closed","ping_status":"closed","template":"","meta":{"footnotes":""},"class_list":["post-87","page","type-page","status-publish","hentry"],"yoast_head":"<!-- This site is optimized with the Yoast SEO plugin v27.3 - https:\/\/yoast.com\/product\/yoast-seo-wordpress\/ -->\n<title>MENTIONS LEGALES - KANZY<\/title>\n<meta name=\"robots\" content=\"index, follow, max-snippet:-1, max-image-preview:large, max-video-preview:-1\" \/>\n<link rel=\"canonical\" href=\"https:\/\/kanzy.fr\/index.php\/mentions-legales\/\" \/>\n<meta property=\"og:locale\" content=\"fr_FR\" \/>\n<meta property=\"og:type\" content=\"article\" \/>\n<meta property=\"og:title\" content=\"MENTIONS LEGALES - KANZY\" \/>\n<meta property=\"og:description\" content=\"I. Ce site internet est \u00e9dit\u00e9 et h\u00e9berg\u00e9 par KANZY, entreprise immatricul\u00e9e au Registre du Commerce et des Soci\u00e9t\u00e9s de BOBIGNY sous le num\u00e9ro 980 500 508, dont le si\u00e8ge social est situ\u00e9 39 Rue Du Bois 93420 Villepinte.L&rsquo;entreprise est g\u00e9r\u00e9e par Madame Nabiha HADAOUI. II. Pour toute information ou conseil, vous pouvez nous contacter [&hellip;]\" \/>\n<meta property=\"og:url\" content=\"https:\/\/kanzy.fr\/index.php\/mentions-legales\/\" \/>\n<meta property=\"og:site_name\" content=\"KANZY\" \/>\n<meta property=\"article:publisher\" content=\"https:\/\/www.facebook.com\/kanzy.fr1\/\" \/>\n<meta property=\"article:modified_time\" content=\"2023-10-21T19:41:29+00:00\" \/>\n<meta name=\"twitter:card\" content=\"summary_large_image\" \/>\n<meta name=\"twitter:label1\" content=\"Dur\u00e9e de lecture estim\u00e9e\" \/>\n\t<meta name=\"twitter:data1\" content=\"2 minutes\" \/>\n<script type=\"application\/ld+json\" class=\"yoast-schema-graph\">{\"@context\":\"https:\\\/\\\/schema.org\",\"@graph\":[{\"@type\":\"WebPage\",\"@id\":\"https:\\\/\\\/kanzy.fr\\\/index.php\\\/mentions-legales\\\/\",\"url\":\"https:\\\/\\\/kanzy.fr\\\/index.php\\\/mentions-legales\\\/\",\"name\":\"MENTIONS LEGALES - KANZY\",\"isPartOf\":{\"@id\":\"https:\\\/\\\/kanzy.fr\\\/#website\"},\"datePublished\":\"2023-10-21T19:22:44+00:00\",\"dateModified\":\"2023-10-21T19:41:29+00:00\",\"breadcrumb\":{\"@id\":\"https:\\\/\\\/kanzy.fr\\\/index.php\\\/mentions-legales\\\/#breadcrumb\"},\"inLanguage\":\"fr-FR\",\"potentialAction\":[{\"@type\":\"ReadAction\",\"target\":[\"https:\\\/\\\/kanzy.fr\\\/index.php\\\/mentions-legales\\\/\"]}]},{\"@type\":\"BreadcrumbList\",\"@id\":\"https:\\\/\\\/kanzy.fr\\\/index.php\\\/mentions-legales\\\/#breadcrumb\",\"itemListElement\":[{\"@type\":\"ListItem\",\"position\":1,\"name\":\"Accueil\",\"item\":\"https:\\\/\\\/kanzy.fr\\\/\"},{\"@type\":\"ListItem\",\"position\":2,\"name\":\"MENTIONS LEGALES\"}]},{\"@type\":\"WebSite\",\"@id\":\"https:\\\/\\\/kanzy.fr\\\/#website\",\"url\":\"https:\\\/\\\/kanzy.fr\\\/\",\"name\":\"KANZY\",\"description\":\"Bienvenue sur Kanzy.fr, votre destination en ligne pour l&#039;\u00e9l\u00e9gance et le charme des v\u00eatements traditionnels marocains. Plongez dans l&#039;univers captivant de la mode marocaine et d\u00e9couvrez une s\u00e9lection soigneusement choisie de v\u00eatements authentiques qui c\u00e9l\u00e8brent l&#039;h\u00e9ritage culturel du Maroc.\",\"publisher\":{\"@id\":\"https:\\\/\\\/kanzy.fr\\\/#organization\"},\"potentialAction\":[{\"@type\":\"SearchAction\",\"target\":{\"@type\":\"EntryPoint\",\"urlTemplate\":\"https:\\\/\\\/kanzy.fr\\\/?s={search_term_string}\"},\"query-input\":{\"@type\":\"PropertyValueSpecification\",\"valueRequired\":true,\"valueName\":\"search_term_string\"}}],\"inLanguage\":\"fr-FR\"},{\"@type\":\"Organization\",\"@id\":\"https:\\\/\\\/kanzy.fr\\\/#organization\",\"name\":\"KANZY\",\"url\":\"https:\\\/\\\/kanzy.fr\\\/\",\"logo\":{\"@type\":\"ImageObject\",\"inLanguage\":\"fr-FR\",\"@id\":\"https:\\\/\\\/kanzy.fr\\\/#\\\/schema\\\/logo\\\/image\\\/\",\"url\":\"https:\\\/\\\/kanzy.fr\\\/wp-content\\\/uploads\\\/2023\\\/11\\\/cropped-1697977786494-2.png\",\"contentUrl\":\"https:\\\/\\\/kanzy.fr\\\/wp-content\\\/uploads\\\/2023\\\/11\\\/cropped-1697977786494-2.png\",\"width\":100,\"height\":49,\"caption\":\"KANZY\"},\"image\":{\"@id\":\"https:\\\/\\\/kanzy.fr\\\/#\\\/schema\\\/logo\\\/image\\\/\"},\"sameAs\":[\"https:\\\/\\\/www.facebook.com\\\/kanzy.fr1\\\/\"]}]}<\/script>\n<!-- \/ Yoast SEO plugin. -->","yoast_head_json":{"title":"MENTIONS LEGALES - KANZY","robots":{"index":"index","follow":"follow","max-snippet":"max-snippet:-1","max-image-preview":"max-image-preview:large","max-video-preview":"max-video-preview:-1"},"canonical":"https:\/\/kanzy.fr\/index.php\/mentions-legales\/","og_locale":"fr_FR","og_type":"article","og_title":"MENTIONS LEGALES - KANZY","og_description":"I. Ce site internet est \u00e9dit\u00e9 et h\u00e9berg\u00e9 par KANZY, entreprise immatricul\u00e9e au Registre du Commerce et des Soci\u00e9t\u00e9s de BOBIGNY sous le num\u00e9ro 980 500 508, dont le si\u00e8ge social est situ\u00e9 39 Rue Du Bois 93420 Villepinte.L&rsquo;entreprise est g\u00e9r\u00e9e par Madame Nabiha HADAOUI. II. Pour toute information ou conseil, vous pouvez nous contacter [&hellip;]","og_url":"https:\/\/kanzy.fr\/index.php\/mentions-legales\/","og_site_name":"KANZY","article_publisher":"https:\/\/www.facebook.com\/kanzy.fr1\/","article_modified_time":"2023-10-21T19:41:29+00:00","twitter_card":"summary_large_image","twitter_misc":{"Dur\u00e9e de lecture estim\u00e9e":"2 minutes"},"schema":{"@context":"https:\/\/schema.org","@graph":[{"@type":"WebPage","@id":"https:\/\/kanzy.fr\/index.php\/mentions-legales\/","url":"https:\/\/kanzy.fr\/index.php\/mentions-legales\/","name":"MENTIONS LEGALES - KANZY","isPartOf":{"@id":"https:\/\/kanzy.fr\/#website"},"datePublished":"2023-10-21T19:22:44+00:00","dateModified":"2023-10-21T19:41:29+00:00","breadcrumb":{"@id":"https:\/\/kanzy.fr\/index.php\/mentions-legales\/#breadcrumb"},"inLanguage":"fr-FR","potentialAction":[{"@type":"ReadAction","target":["https:\/\/kanzy.fr\/index.php\/mentions-legales\/"]}]},{"@type":"BreadcrumbList","@id":"https:\/\/kanzy.fr\/index.php\/mentions-legales\/#breadcrumb","itemListElement":[{"@type":"ListItem","position":1,"name":"Accueil","item":"https:\/\/kanzy.fr\/"},{"@type":"ListItem","position":2,"name":"MENTIONS LEGALES"}]},{"@type":"WebSite","@id":"https:\/\/kanzy.fr\/#website","url":"https:\/\/kanzy.fr\/","name":"KANZY","description":"Bienvenue sur Kanzy.fr, votre destination en ligne pour l&#039;\u00e9l\u00e9gance et le charme des v\u00eatements traditionnels marocains. Plongez dans l&#039;univers captivant de la mode marocaine et d\u00e9couvrez une s\u00e9lection soigneusement choisie de v\u00eatements authentiques qui c\u00e9l\u00e8brent l&#039;h\u00e9ritage culturel du Maroc.","publisher":{"@id":"https:\/\/kanzy.fr\/#organization"},"potentialAction":[{"@type":"SearchAction","target":{"@type":"EntryPoint","urlTemplate":"https:\/\/kanzy.fr\/?s={search_term_string}"},"query-input":{"@type":"PropertyValueSpecification","valueRequired":true,"valueName":"search_term_string"}}],"inLanguage":"fr-FR"},{"@type":"Organization","@id":"https:\/\/kanzy.fr\/#organization","name":"KANZY","url":"https:\/\/kanzy.fr\/","logo":{"@type":"ImageObject","inLanguage":"fr-FR","@id":"https:\/\/kanzy.fr\/#\/schema\/logo\/image\/","url":"https:\/\/kanzy.fr\/wp-content\/uploads\/2023\/11\/cropped-1697977786494-2.png","contentUrl":"https:\/\/kanzy.fr\/wp-content\/uploads\/2023\/11\/cropped-1697977786494-2.png","width":100,"height":49,"caption":"KANZY"},"image":{"@id":"https:\/\/kanzy.fr\/#\/schema\/logo\/image\/"},"sameAs":["https:\/\/www.facebook.com\/kanzy.fr1\/"]}]}},"_links":{"self":[{"href":"https:\/\/kanzy.fr\/index.php\/wp-json\/wp\/v2\/pages\/87","targetHints":{"allow":["GET"]}}],"collection":[{"href":"https:\/\/kanzy.fr\/index.php\/wp-json\/wp\/v2\/pages"}],"about":[{"href":"https:\/\/kanzy.fr\/index.php\/wp-json\/wp\/v2\/types\/page"}],"author":[{"embeddable":true,"href":"https:\/\/kanzy.fr\/index.php\/wp-json\/wp\/v2\/users\/1"}],"replies":[{"embeddable":true,"href":"https:\/\/kanzy.fr\/index.php\/wp-json\/wp\/v2\/comments?post=87"}],"version-history":[{"count":2,"href":"https:\/\/kanzy.fr\/index.php\/wp-json\/wp\/v2\/pages\/87\/revisions"}],"predecessor-version":[{"id":89,"href":"https:\/\/kanzy.fr\/index.php\/wp-json\/wp\/v2\/pages\/87\/revisions\/89"}],"wp:attachment":[{"href":"https:\/\/kanzy.fr\/index.php\/wp-json\/wp\/v2\/media?parent=87"}],"curies":[{"name":"wp","href":"https:\/\/api.w.org\/{rel}","templated":true}]}}