{"id":111,"date":"2023-10-24T18:07:32","date_gmt":"2023-10-24T18:07:32","guid":{"rendered":"https:\/\/kanzy.fr\/?post_type=product&#038;p=111"},"modified":"2024-07-30T19:53:39","modified_gmt":"2024-07-30T19:53:39","slug":"gandoura-marocaine-vert-fonce-a-motifs","status":"publish","type":"product","link":"https:\/\/kanzy.fr\/index.php\/product\/gandoura-marocaine-vert-fonce-a-motifs\/","title":{"rendered":"Gandoura Marocaine Traditionnelle pour Femme \u2013 Vert Fonc\u00e9 \u00e0 Motifs"},"content":{"rendered":"<p>Plongez dans l&rsquo;h\u00e9ritage de la mode marocaine avec notre superbe Gandoura verte fonc\u00e9e \u00e0 motifs. Cette pi\u00e8ce incarne l&rsquo;\u00e9l\u00e9gance et la richesse culturelle du Maroc. Le vert fonc\u00e9 de cette Gandoura \u00e9voque la profondeur de la nature marocaine, tandis que les motifs complexes ajoutent une touche d&rsquo;authenticit\u00e9 .<\/p>\n<p>Chaque Gandoura est une \u0153uvre d&rsquo;art, confectionn\u00e9e par des artisans marocains talentueux, t\u00e9moignant d&rsquo;une expertise h\u00e9rit\u00e9e de g\u00e9n\u00e9rations. Cette tenue est polyvalente, parfaite pour toutes les occasions, du quotidien aux moments sp\u00e9ciaux. Son tissu l\u00e9ger garantit un confort optimal. Les motifs subtils et les broderies refl\u00e8tent l&rsquo;art marocain, ajoutant une \u00e9l\u00e9gance intemporelle \u00e0 cette pi\u00e8ce.<\/p>\n","protected":false},"excerpt":{"rendered":"<p>Plongez dans l&rsquo;h\u00e9ritage de la mode marocaine avec notre superbe Gandoura verte fonc\u00e9e \u00e0 motifs. Une pi\u00e8ce unique qui \u00e9voque l&rsquo;\u00e9l\u00e9gance et la richesse culturelle du Maroc. Confectionn\u00e9e par des artisans marocains talentueux, cette Gandoura polyvalente est parfaite pour toutes les occasions, tout en refl\u00e9tant l&rsquo;art marocain gr\u00e2ce \u00e0 ses motifs subtils et \u00e0 ses broderies. Un v\u00e9ritable bijou de la mode marocaine.<\/p>\n","protected":false},"featured_media":113,"comment_status":"open","ping_status":"closed","template":"","meta":[],"product_brand":[],"product_cat":[18,19],"product_tag":[35,29,31,36],"class_list":{"0":"post-111","1":"product","2":"type-product","3":"status-publish","4":"has-post-thumbnail","6":"product_cat-gandoura","7":"product_cat-robe-marocaine","8":"product_tag-caftan-classique","9":"product_tag-gandoura","10":"product_tag-robe-marocaine","11":"product_tag-vert","13":"first","14":"instock","15":"sale","16":"shipping-taxable","17":"purchasable","18":"product-type-simple"},"yoast_head":"<!-- This site is optimized with the Yoast SEO plugin v27.3 - https:\/\/yoast.com\/product\/yoast-seo-wordpress\/ -->\n<title>Gandoura Marocaine Traditionnelle pour Femme \u2013 Vert Fonc\u00e9 \u00e0 Motifs - KANZY<\/title>\n<meta name=\"robots\" content=\"index, follow, max-snippet:-1, max-image-preview:large, max-video-preview:-1\" \/>\n<link rel=\"canonical\" href=\"https:\/\/kanzy.fr\/index.php\/product\/gandoura-marocaine-vert-fonce-a-motifs\/\" \/>\n<meta property=\"og:locale\" content=\"fr_FR\" \/>\n<meta property=\"og:type\" content=\"article\" \/>\n<meta property=\"og:title\" content=\"Gandoura Marocaine Traditionnelle pour Femme \u2013 Vert Fonc\u00e9 \u00e0 Motifs - KANZY\" \/>\n<meta property=\"og:description\" content=\"Plongez dans l&#039;h\u00e9ritage de la mode marocaine avec notre superbe Gandoura verte fonc\u00e9e \u00e0 motifs. Une pi\u00e8ce unique qui \u00e9voque l&#039;\u00e9l\u00e9gance et la richesse culturelle du Maroc. Confectionn\u00e9e par des artisans marocains talentueux, cette Gandoura polyvalente est parfaite pour toutes les occasions, tout en refl\u00e9tant l&#039;art marocain gr\u00e2ce \u00e0 ses motifs subtils et \u00e0 ses broderies. Un v\u00e9ritable bijou de la mode marocaine.\" \/>\n<meta property=\"og:url\" content=\"https:\/\/kanzy.fr\/index.php\/product\/gandoura-marocaine-vert-fonce-a-motifs\/\" \/>\n<meta property=\"og:site_name\" content=\"KANZY\" \/>\n<meta property=\"article:publisher\" content=\"https:\/\/www.facebook.com\/kanzy.fr1\/\" \/>\n<meta property=\"article:modified_time\" content=\"2024-07-30T19:53:39+00:00\" \/>\n<meta property=\"og:image\" content=\"http:\/\/kanzy.fr\/wp-content\/uploads\/2023\/10\/1698141806664-scaled.jpg\" \/>\n\t<meta property=\"og:image:width\" content=\"1920\" \/>\n\t<meta property=\"og:image:height\" content=\"2560\" \/>\n\t<meta property=\"og:image:type\" content=\"image\/jpeg\" \/>\n<meta name=\"twitter:card\" content=\"summary_large_image\" \/>\n<meta name=\"twitter:label1\" content=\"Dur\u00e9e de lecture estim\u00e9e\" \/>\n\t<meta name=\"twitter:data1\" content=\"1 minute\" \/>\n<script type=\"application\/ld+json\" class=\"yoast-schema-graph\">{\"@context\":\"https:\\\/\\\/schema.org\",\"@graph\":[{\"@type\":\"WebPage\",\"@id\":\"https:\\\/\\\/kanzy.fr\\\/index.php\\\/product\\\/gandoura-marocaine-vert-fonce-a-motifs\\\/\",\"url\":\"https:\\\/\\\/kanzy.fr\\\/index.php\\\/product\\\/gandoura-marocaine-vert-fonce-a-motifs\\\/\",\"name\":\"Gandoura Marocaine Traditionnelle pour Femme \u2013 Vert Fonc\u00e9 \u00e0 Motifs - KANZY\",\"isPartOf\":{\"@id\":\"https:\\\/\\\/kanzy.fr\\\/#website\"},\"primaryImageOfPage\":{\"@id\":\"https:\\\/\\\/kanzy.fr\\\/index.php\\\/product\\\/gandoura-marocaine-vert-fonce-a-motifs\\\/#primaryimage\"},\"image\":{\"@id\":\"https:\\\/\\\/kanzy.fr\\\/index.php\\\/product\\\/gandoura-marocaine-vert-fonce-a-motifs\\\/#primaryimage\"},\"thumbnailUrl\":\"https:\\\/\\\/kanzy.fr\\\/wp-content\\\/uploads\\\/2023\\\/10\\\/1698141806664-scaled.jpg\",\"datePublished\":\"2023-10-24T18:07:32+00:00\",\"dateModified\":\"2024-07-30T19:53:39+00:00\",\"breadcrumb\":{\"@id\":\"https:\\\/\\\/kanzy.fr\\\/index.php\\\/product\\\/gandoura-marocaine-vert-fonce-a-motifs\\\/#breadcrumb\"},\"inLanguage\":\"fr-FR\",\"potentialAction\":[{\"@type\":\"ReadAction\",\"target\":[\"https:\\\/\\\/kanzy.fr\\\/index.php\\\/product\\\/gandoura-marocaine-vert-fonce-a-motifs\\\/\"]}]},{\"@type\":\"ImageObject\",\"inLanguage\":\"fr-FR\",\"@id\":\"https:\\\/\\\/kanzy.fr\\\/index.php\\\/product\\\/gandoura-marocaine-vert-fonce-a-motifs\\\/#primaryimage\",\"url\":\"https:\\\/\\\/kanzy.fr\\\/wp-content\\\/uploads\\\/2023\\\/10\\\/1698141806664-scaled.jpg\",\"contentUrl\":\"https:\\\/\\\/kanzy.fr\\\/wp-content\\\/uploads\\\/2023\\\/10\\\/1698141806664-scaled.jpg\",\"width\":1920,\"height\":2560,\"caption\":\"Gandoura Marocaine Traditionnelle pour Femme - Verte\"},{\"@type\":\"BreadcrumbList\",\"@id\":\"https:\\\/\\\/kanzy.fr\\\/index.php\\\/product\\\/gandoura-marocaine-vert-fonce-a-motifs\\\/#breadcrumb\",\"itemListElement\":[{\"@type\":\"ListItem\",\"position\":1,\"name\":\"Accueil\",\"item\":\"https:\\\/\\\/kanzy.fr\\\/\"},{\"@type\":\"ListItem\",\"position\":2,\"name\":\"Boutique\",\"item\":\"https:\\\/\\\/kanzy.fr\\\/\"},{\"@type\":\"ListItem\",\"position\":3,\"name\":\"Gandoura Marocaine Traditionnelle pour Femme \u2013 Vert Fonc\u00e9 \u00e0 Motifs\"}]},{\"@type\":\"WebSite\",\"@id\":\"https:\\\/\\\/kanzy.fr\\\/#website\",\"url\":\"https:\\\/\\\/kanzy.fr\\\/\",\"name\":\"KANZY\",\"description\":\"Bienvenue sur Kanzy.fr, votre destination en ligne pour l&#039;\u00e9l\u00e9gance et le charme des v\u00eatements traditionnels marocains. Plongez dans l&#039;univers captivant de la mode marocaine et d\u00e9couvrez une s\u00e9lection soigneusement choisie de v\u00eatements authentiques qui c\u00e9l\u00e8brent l&#039;h\u00e9ritage culturel du Maroc.\",\"publisher\":{\"@id\":\"https:\\\/\\\/kanzy.fr\\\/#organization\"},\"potentialAction\":[{\"@type\":\"SearchAction\",\"target\":{\"@type\":\"EntryPoint\",\"urlTemplate\":\"https:\\\/\\\/kanzy.fr\\\/?s={search_term_string}\"},\"query-input\":{\"@type\":\"PropertyValueSpecification\",\"valueRequired\":true,\"valueName\":\"search_term_string\"}}],\"inLanguage\":\"fr-FR\"},{\"@type\":\"Organization\",\"@id\":\"https:\\\/\\\/kanzy.fr\\\/#organization\",\"name\":\"KANZY\",\"url\":\"https:\\\/\\\/kanzy.fr\\\/\",\"logo\":{\"@type\":\"ImageObject\",\"inLanguage\":\"fr-FR\",\"@id\":\"https:\\\/\\\/kanzy.fr\\\/#\\\/schema\\\/logo\\\/image\\\/\",\"url\":\"https:\\\/\\\/kanzy.fr\\\/wp-content\\\/uploads\\\/2023\\\/11\\\/cropped-1697977786494-2.png\",\"contentUrl\":\"https:\\\/\\\/kanzy.fr\\\/wp-content\\\/uploads\\\/2023\\\/11\\\/cropped-1697977786494-2.png\",\"width\":100,\"height\":49,\"caption\":\"KANZY\"},\"image\":{\"@id\":\"https:\\\/\\\/kanzy.fr\\\/#\\\/schema\\\/logo\\\/image\\\/\"},\"sameAs\":[\"https:\\\/\\\/www.facebook.com\\\/kanzy.fr1\\\/\"]}]}<\/script>\n<!-- \/ Yoast SEO plugin. -->","yoast_head_json":{"title":"Gandoura Marocaine Traditionnelle pour Femme \u2013 Vert Fonc\u00e9 \u00e0 Motifs - KANZY","robots":{"index":"index","follow":"follow","max-snippet":"max-snippet:-1","max-image-preview":"max-image-preview:large","max-video-preview":"max-video-preview:-1"},"canonical":"https:\/\/kanzy.fr\/index.php\/product\/gandoura-marocaine-vert-fonce-a-motifs\/","og_locale":"fr_FR","og_type":"article","og_title":"Gandoura Marocaine Traditionnelle pour Femme \u2013 Vert Fonc\u00e9 \u00e0 Motifs - KANZY","og_description":"Plongez dans l'h\u00e9ritage de la mode marocaine avec notre superbe Gandoura verte fonc\u00e9e \u00e0 motifs. Une pi\u00e8ce unique qui \u00e9voque l'\u00e9l\u00e9gance et la richesse culturelle du Maroc. Confectionn\u00e9e par des artisans marocains talentueux, cette Gandoura polyvalente est parfaite pour toutes les occasions, tout en refl\u00e9tant l'art marocain gr\u00e2ce \u00e0 ses motifs subtils et \u00e0 ses broderies. Un v\u00e9ritable bijou de la mode marocaine.","og_url":"https:\/\/kanzy.fr\/index.php\/product\/gandoura-marocaine-vert-fonce-a-motifs\/","og_site_name":"KANZY","article_publisher":"https:\/\/www.facebook.com\/kanzy.fr1\/","article_modified_time":"2024-07-30T19:53:39+00:00","og_image":[{"width":1920,"height":2560,"url":"http:\/\/kanzy.fr\/wp-content\/uploads\/2023\/10\/1698141806664-scaled.jpg","type":"image\/jpeg"}],"twitter_card":"summary_large_image","twitter_misc":{"Dur\u00e9e de lecture estim\u00e9e":"1 minute"},"schema":{"@context":"https:\/\/schema.org","@graph":[{"@type":"WebPage","@id":"https:\/\/kanzy.fr\/index.php\/product\/gandoura-marocaine-vert-fonce-a-motifs\/","url":"https:\/\/kanzy.fr\/index.php\/product\/gandoura-marocaine-vert-fonce-a-motifs\/","name":"Gandoura Marocaine Traditionnelle pour Femme \u2013 Vert Fonc\u00e9 \u00e0 Motifs - KANZY","isPartOf":{"@id":"https:\/\/kanzy.fr\/#website"},"primaryImageOfPage":{"@id":"https:\/\/kanzy.fr\/index.php\/product\/gandoura-marocaine-vert-fonce-a-motifs\/#primaryimage"},"image":{"@id":"https:\/\/kanzy.fr\/index.php\/product\/gandoura-marocaine-vert-fonce-a-motifs\/#primaryimage"},"thumbnailUrl":"https:\/\/kanzy.fr\/wp-content\/uploads\/2023\/10\/1698141806664-scaled.jpg","datePublished":"2023-10-24T18:07:32+00:00","dateModified":"2024-07-30T19:53:39+00:00","breadcrumb":{"@id":"https:\/\/kanzy.fr\/index.php\/product\/gandoura-marocaine-vert-fonce-a-motifs\/#breadcrumb"},"inLanguage":"fr-FR","potentialAction":[{"@type":"ReadAction","target":["https:\/\/kanzy.fr\/index.php\/product\/gandoura-marocaine-vert-fonce-a-motifs\/"]}]},{"@type":"ImageObject","inLanguage":"fr-FR","@id":"https:\/\/kanzy.fr\/index.php\/product\/gandoura-marocaine-vert-fonce-a-motifs\/#primaryimage","url":"https:\/\/kanzy.fr\/wp-content\/uploads\/2023\/10\/1698141806664-scaled.jpg","contentUrl":"https:\/\/kanzy.fr\/wp-content\/uploads\/2023\/10\/1698141806664-scaled.jpg","width":1920,"height":2560,"caption":"Gandoura Marocaine Traditionnelle pour Femme - Verte"},{"@type":"BreadcrumbList","@id":"https:\/\/kanzy.fr\/index.php\/product\/gandoura-marocaine-vert-fonce-a-motifs\/#breadcrumb","itemListElement":[{"@type":"ListItem","position":1,"name":"Accueil","item":"https:\/\/kanzy.fr\/"},{"@type":"ListItem","position":2,"name":"Boutique","item":"https:\/\/kanzy.fr\/"},{"@type":"ListItem","position":3,"name":"Gandoura Marocaine Traditionnelle pour Femme \u2013 Vert Fonc\u00e9 \u00e0 Motifs"}]},{"@type":"WebSite","@id":"https:\/\/kanzy.fr\/#website","url":"https:\/\/kanzy.fr\/","name":"KANZY","description":"Bienvenue sur Kanzy.fr, votre destination en ligne pour l&#039;\u00e9l\u00e9gance et le charme des v\u00eatements traditionnels marocains. Plongez dans l&#039;univers captivant de la mode marocaine et d\u00e9couvrez une s\u00e9lection soigneusement choisie de v\u00eatements authentiques qui c\u00e9l\u00e8brent l&#039;h\u00e9ritage culturel du Maroc.","publisher":{"@id":"https:\/\/kanzy.fr\/#organization"},"potentialAction":[{"@type":"SearchAction","target":{"@type":"EntryPoint","urlTemplate":"https:\/\/kanzy.fr\/?s={search_term_string}"},"query-input":{"@type":"PropertyValueSpecification","valueRequired":true,"valueName":"search_term_string"}}],"inLanguage":"fr-FR"},{"@type":"Organization","@id":"https:\/\/kanzy.fr\/#organization","name":"KANZY","url":"https:\/\/kanzy.fr\/","logo":{"@type":"ImageObject","inLanguage":"fr-FR","@id":"https:\/\/kanzy.fr\/#\/schema\/logo\/image\/","url":"https:\/\/kanzy.fr\/wp-content\/uploads\/2023\/11\/cropped-1697977786494-2.png","contentUrl":"https:\/\/kanzy.fr\/wp-content\/uploads\/2023\/11\/cropped-1697977786494-2.png","width":100,"height":49,"caption":"KANZY"},"image":{"@id":"https:\/\/kanzy.fr\/#\/schema\/logo\/image\/"},"sameAs":["https:\/\/www.facebook.com\/kanzy.fr1\/"]}]}},"_links":{"self":[{"href":"https:\/\/kanzy.fr\/index.php\/wp-json\/wp\/v2\/product\/111","targetHints":{"allow":["GET"]}}],"collection":[{"href":"https:\/\/kanzy.fr\/index.php\/wp-json\/wp\/v2\/product"}],"about":[{"href":"https:\/\/kanzy.fr\/index.php\/wp-json\/wp\/v2\/types\/product"}],"replies":[{"embeddable":true,"href":"https:\/\/kanzy.fr\/index.php\/wp-json\/wp\/v2\/comments?post=111"}],"wp:featuredmedia":[{"embeddable":true,"href":"https:\/\/kanzy.fr\/index.php\/wp-json\/wp\/v2\/media\/113"}],"wp:attachment":[{"href":"https:\/\/kanzy.fr\/index.php\/wp-json\/wp\/v2\/media?parent=111"}],"wp:term":[{"taxonomy":"product_brand","embeddable":true,"href":"https:\/\/kanzy.fr\/index.php\/wp-json\/wp\/v2\/product_brand?post=111"},{"taxonomy":"product_cat","embeddable":true,"href":"https:\/\/kanzy.fr\/index.php\/wp-json\/wp\/v2\/product_cat?post=111"},{"taxonomy":"product_tag","embeddable":true,"href":"https:\/\/kanzy.fr\/index.php\/wp-json\/wp\/v2\/product_tag?post=111"}],"curies":[{"name":"wp","href":"https:\/\/api.w.org\/{rel}","templated":true}]}}