{"id":125,"date":"2023-10-24T18:26:10","date_gmt":"2023-10-24T18:26:10","guid":{"rendered":"https:\/\/kanzy.fr\/?post_type=product&#038;p=125"},"modified":"2024-07-30T19:53:28","modified_gmt":"2024-07-30T19:53:28","slug":"gandoura-marocaine-traditionnelle-pour-femme-vert-clair","status":"publish","type":"product","link":"https:\/\/kanzy.fr\/index.php\/product\/gandoura-marocaine-traditionnelle-pour-femme-vert-clair\/","title":{"rendered":"Gandoura Marocaine Traditionnelle pour Femme &#8211; Vert clair"},"content":{"rendered":"<p>Plongez dans la gr\u00e2ce naturelle de la mode marocaine avec notre Gandoura traditionnelle pour femme en vert clair. Cette pi\u00e8ce incarne la fra\u00eecheur de la nature marocaine et l&rsquo;artisanat d&rsquo;exception qui l&rsquo;accompagne.<\/p>\n<p>La teinte vert clair de cette Gandoura \u00e9voque les paysages verdoyants du Maroc, vous transportant au c\u0153ur de cette terre riche en culture. Chaque exemplaire est le fruit d&rsquo;un travail minutieux, r\u00e9alis\u00e9 par des artisans marocains chevronn\u00e9s, mettant en avant leur profond respect pour la tradition et leur souci de la qualit\u00e9.<\/p>\n<p>Cette Gandoura est polyvalente, pr\u00eate \u00e0 vous accompagner pour toutes les occasions, que ce soit une c\u00e9r\u00e9monie sp\u00e9ciale ou une journ\u00e9e de d\u00e9tente. Son tissu l\u00e9ger garantit un confort constant, tandis que les motifs et les broderies subtils qui l&rsquo;agr\u00e9mentent expriment l&rsquo;\u00e2me de l&rsquo;art marocain, ajoutant une touche d&rsquo;\u00e9l\u00e9gance intemporelle.<\/p>\n","protected":false},"excerpt":{"rendered":"<p>Cette Gandoura incarne l&rsquo;\u00e9l\u00e9gance de la mode marocaine. Confectionn\u00e9e par des artisans talentueux, elle est polyvalente et confortable, parfaite pour toutes les occasions. Les motifs subtils ajoutent une touche d&rsquo;authenticit\u00e9.<\/p>\n","protected":false},"featured_media":118,"comment_status":"open","ping_status":"closed","template":"","meta":[],"product_brand":[],"product_cat":[18,19],"product_tag":[35,29,30,31,36],"class_list":{"0":"post-125","1":"product","2":"type-product","3":"status-publish","4":"has-post-thumbnail","6":"product_cat-gandoura","7":"product_cat-robe-marocaine","8":"product_tag-caftan-classique","9":"product_tag-gandoura","10":"product_tag-robe","11":"product_tag-robe-marocaine","12":"product_tag-vert","14":"first","15":"instock","16":"sale","17":"shipping-taxable","18":"purchasable","19":"product-type-simple"},"yoast_head":"<!-- This site is optimized with the Yoast SEO plugin v27.3 - https:\/\/yoast.com\/product\/yoast-seo-wordpress\/ -->\n<title>Gandoura Marocaine Traditionnelle pour Femme - Vert clair - KANZY<\/title>\n<meta name=\"robots\" content=\"index, follow, max-snippet:-1, max-image-preview:large, max-video-preview:-1\" \/>\n<link rel=\"canonical\" href=\"https:\/\/kanzy.fr\/index.php\/product\/gandoura-marocaine-traditionnelle-pour-femme-vert-clair\/\" \/>\n<meta property=\"og:locale\" content=\"fr_FR\" \/>\n<meta property=\"og:type\" content=\"article\" \/>\n<meta property=\"og:title\" content=\"Gandoura Marocaine Traditionnelle pour Femme - Vert clair - KANZY\" \/>\n<meta property=\"og:description\" content=\"Cette Gandoura incarne l&#039;\u00e9l\u00e9gance de la mode marocaine. Confectionn\u00e9e par des artisans talentueux, elle est polyvalente et confortable, parfaite pour toutes les occasions. Les motifs subtils ajoutent une touche d&#039;authenticit\u00e9.\" \/>\n<meta property=\"og:url\" content=\"https:\/\/kanzy.fr\/index.php\/product\/gandoura-marocaine-traditionnelle-pour-femme-vert-clair\/\" \/>\n<meta property=\"og:site_name\" content=\"KANZY\" \/>\n<meta property=\"article:publisher\" content=\"https:\/\/www.facebook.com\/kanzy.fr1\/\" \/>\n<meta property=\"article:modified_time\" content=\"2024-07-30T19:53:28+00:00\" \/>\n<meta property=\"og:image\" content=\"http:\/\/kanzy.fr\/wp-content\/uploads\/2023\/10\/1698141806712-scaled.jpg\" \/>\n\t<meta property=\"og:image:width\" content=\"1920\" \/>\n\t<meta property=\"og:image:height\" content=\"2560\" \/>\n\t<meta property=\"og:image:type\" content=\"image\/jpeg\" \/>\n<meta name=\"twitter:card\" content=\"summary_large_image\" \/>\n<meta name=\"twitter:label1\" content=\"Dur\u00e9e de lecture estim\u00e9e\" \/>\n\t<meta name=\"twitter:data1\" content=\"1 minute\" \/>\n<script type=\"application\/ld+json\" class=\"yoast-schema-graph\">{\"@context\":\"https:\\\/\\\/schema.org\",\"@graph\":[{\"@type\":\"WebPage\",\"@id\":\"https:\\\/\\\/kanzy.fr\\\/index.php\\\/product\\\/gandoura-marocaine-traditionnelle-pour-femme-vert-clair\\\/\",\"url\":\"https:\\\/\\\/kanzy.fr\\\/index.php\\\/product\\\/gandoura-marocaine-traditionnelle-pour-femme-vert-clair\\\/\",\"name\":\"Gandoura Marocaine Traditionnelle pour Femme - Vert clair - KANZY\",\"isPartOf\":{\"@id\":\"https:\\\/\\\/kanzy.fr\\\/#website\"},\"primaryImageOfPage\":{\"@id\":\"https:\\\/\\\/kanzy.fr\\\/index.php\\\/product\\\/gandoura-marocaine-traditionnelle-pour-femme-vert-clair\\\/#primaryimage\"},\"image\":{\"@id\":\"https:\\\/\\\/kanzy.fr\\\/index.php\\\/product\\\/gandoura-marocaine-traditionnelle-pour-femme-vert-clair\\\/#primaryimage\"},\"thumbnailUrl\":\"https:\\\/\\\/kanzy.fr\\\/wp-content\\\/uploads\\\/2023\\\/10\\\/1698141806712-scaled.jpg\",\"datePublished\":\"2023-10-24T18:26:10+00:00\",\"dateModified\":\"2024-07-30T19:53:28+00:00\",\"breadcrumb\":{\"@id\":\"https:\\\/\\\/kanzy.fr\\\/index.php\\\/product\\\/gandoura-marocaine-traditionnelle-pour-femme-vert-clair\\\/#breadcrumb\"},\"inLanguage\":\"fr-FR\",\"potentialAction\":[{\"@type\":\"ReadAction\",\"target\":[\"https:\\\/\\\/kanzy.fr\\\/index.php\\\/product\\\/gandoura-marocaine-traditionnelle-pour-femme-vert-clair\\\/\"]}]},{\"@type\":\"ImageObject\",\"inLanguage\":\"fr-FR\",\"@id\":\"https:\\\/\\\/kanzy.fr\\\/index.php\\\/product\\\/gandoura-marocaine-traditionnelle-pour-femme-vert-clair\\\/#primaryimage\",\"url\":\"https:\\\/\\\/kanzy.fr\\\/wp-content\\\/uploads\\\/2023\\\/10\\\/1698141806712-scaled.jpg\",\"contentUrl\":\"https:\\\/\\\/kanzy.fr\\\/wp-content\\\/uploads\\\/2023\\\/10\\\/1698141806712-scaled.jpg\",\"width\":1920,\"height\":2560,\"caption\":\"Gandoura Marocaine Traditionnelle pour Femme - Vert clair\"},{\"@type\":\"BreadcrumbList\",\"@id\":\"https:\\\/\\\/kanzy.fr\\\/index.php\\\/product\\\/gandoura-marocaine-traditionnelle-pour-femme-vert-clair\\\/#breadcrumb\",\"itemListElement\":[{\"@type\":\"ListItem\",\"position\":1,\"name\":\"Accueil\",\"item\":\"https:\\\/\\\/kanzy.fr\\\/\"},{\"@type\":\"ListItem\",\"position\":2,\"name\":\"Boutique\",\"item\":\"https:\\\/\\\/kanzy.fr\\\/\"},{\"@type\":\"ListItem\",\"position\":3,\"name\":\"Gandoura Marocaine Traditionnelle pour Femme &#8211; Vert clair\"}]},{\"@type\":\"WebSite\",\"@id\":\"https:\\\/\\\/kanzy.fr\\\/#website\",\"url\":\"https:\\\/\\\/kanzy.fr\\\/\",\"name\":\"KANZY\",\"description\":\"Bienvenue sur Kanzy.fr, votre destination en ligne pour l&#039;\u00e9l\u00e9gance et le charme des v\u00eatements traditionnels marocains. Plongez dans l&#039;univers captivant de la mode marocaine et d\u00e9couvrez une s\u00e9lection soigneusement choisie de v\u00eatements authentiques qui c\u00e9l\u00e8brent l&#039;h\u00e9ritage culturel du Maroc.\",\"publisher\":{\"@id\":\"https:\\\/\\\/kanzy.fr\\\/#organization\"},\"potentialAction\":[{\"@type\":\"SearchAction\",\"target\":{\"@type\":\"EntryPoint\",\"urlTemplate\":\"https:\\\/\\\/kanzy.fr\\\/?s={search_term_string}\"},\"query-input\":{\"@type\":\"PropertyValueSpecification\",\"valueRequired\":true,\"valueName\":\"search_term_string\"}}],\"inLanguage\":\"fr-FR\"},{\"@type\":\"Organization\",\"@id\":\"https:\\\/\\\/kanzy.fr\\\/#organization\",\"name\":\"KANZY\",\"url\":\"https:\\\/\\\/kanzy.fr\\\/\",\"logo\":{\"@type\":\"ImageObject\",\"inLanguage\":\"fr-FR\",\"@id\":\"https:\\\/\\\/kanzy.fr\\\/#\\\/schema\\\/logo\\\/image\\\/\",\"url\":\"https:\\\/\\\/kanzy.fr\\\/wp-content\\\/uploads\\\/2023\\\/11\\\/cropped-1697977786494-2.png\",\"contentUrl\":\"https:\\\/\\\/kanzy.fr\\\/wp-content\\\/uploads\\\/2023\\\/11\\\/cropped-1697977786494-2.png\",\"width\":100,\"height\":49,\"caption\":\"KANZY\"},\"image\":{\"@id\":\"https:\\\/\\\/kanzy.fr\\\/#\\\/schema\\\/logo\\\/image\\\/\"},\"sameAs\":[\"https:\\\/\\\/www.facebook.com\\\/kanzy.fr1\\\/\"]}]}<\/script>\n<!-- \/ Yoast SEO plugin. -->","yoast_head_json":{"title":"Gandoura Marocaine Traditionnelle pour Femme - Vert clair - KANZY","robots":{"index":"index","follow":"follow","max-snippet":"max-snippet:-1","max-image-preview":"max-image-preview:large","max-video-preview":"max-video-preview:-1"},"canonical":"https:\/\/kanzy.fr\/index.php\/product\/gandoura-marocaine-traditionnelle-pour-femme-vert-clair\/","og_locale":"fr_FR","og_type":"article","og_title":"Gandoura Marocaine Traditionnelle pour Femme - Vert clair - KANZY","og_description":"Cette Gandoura incarne l'\u00e9l\u00e9gance de la mode marocaine. Confectionn\u00e9e par des artisans talentueux, elle est polyvalente et confortable, parfaite pour toutes les occasions. Les motifs subtils ajoutent une touche d'authenticit\u00e9.","og_url":"https:\/\/kanzy.fr\/index.php\/product\/gandoura-marocaine-traditionnelle-pour-femme-vert-clair\/","og_site_name":"KANZY","article_publisher":"https:\/\/www.facebook.com\/kanzy.fr1\/","article_modified_time":"2024-07-30T19:53:28+00:00","og_image":[{"width":1920,"height":2560,"url":"http:\/\/kanzy.fr\/wp-content\/uploads\/2023\/10\/1698141806712-scaled.jpg","type":"image\/jpeg"}],"twitter_card":"summary_large_image","twitter_misc":{"Dur\u00e9e de lecture estim\u00e9e":"1 minute"},"schema":{"@context":"https:\/\/schema.org","@graph":[{"@type":"WebPage","@id":"https:\/\/kanzy.fr\/index.php\/product\/gandoura-marocaine-traditionnelle-pour-femme-vert-clair\/","url":"https:\/\/kanzy.fr\/index.php\/product\/gandoura-marocaine-traditionnelle-pour-femme-vert-clair\/","name":"Gandoura Marocaine Traditionnelle pour Femme - Vert clair - KANZY","isPartOf":{"@id":"https:\/\/kanzy.fr\/#website"},"primaryImageOfPage":{"@id":"https:\/\/kanzy.fr\/index.php\/product\/gandoura-marocaine-traditionnelle-pour-femme-vert-clair\/#primaryimage"},"image":{"@id":"https:\/\/kanzy.fr\/index.php\/product\/gandoura-marocaine-traditionnelle-pour-femme-vert-clair\/#primaryimage"},"thumbnailUrl":"https:\/\/kanzy.fr\/wp-content\/uploads\/2023\/10\/1698141806712-scaled.jpg","datePublished":"2023-10-24T18:26:10+00:00","dateModified":"2024-07-30T19:53:28+00:00","breadcrumb":{"@id":"https:\/\/kanzy.fr\/index.php\/product\/gandoura-marocaine-traditionnelle-pour-femme-vert-clair\/#breadcrumb"},"inLanguage":"fr-FR","potentialAction":[{"@type":"ReadAction","target":["https:\/\/kanzy.fr\/index.php\/product\/gandoura-marocaine-traditionnelle-pour-femme-vert-clair\/"]}]},{"@type":"ImageObject","inLanguage":"fr-FR","@id":"https:\/\/kanzy.fr\/index.php\/product\/gandoura-marocaine-traditionnelle-pour-femme-vert-clair\/#primaryimage","url":"https:\/\/kanzy.fr\/wp-content\/uploads\/2023\/10\/1698141806712-scaled.jpg","contentUrl":"https:\/\/kanzy.fr\/wp-content\/uploads\/2023\/10\/1698141806712-scaled.jpg","width":1920,"height":2560,"caption":"Gandoura Marocaine Traditionnelle pour Femme - Vert clair"},{"@type":"BreadcrumbList","@id":"https:\/\/kanzy.fr\/index.php\/product\/gandoura-marocaine-traditionnelle-pour-femme-vert-clair\/#breadcrumb","itemListElement":[{"@type":"ListItem","position":1,"name":"Accueil","item":"https:\/\/kanzy.fr\/"},{"@type":"ListItem","position":2,"name":"Boutique","item":"https:\/\/kanzy.fr\/"},{"@type":"ListItem","position":3,"name":"Gandoura Marocaine Traditionnelle pour Femme &#8211; Vert clair"}]},{"@type":"WebSite","@id":"https:\/\/kanzy.fr\/#website","url":"https:\/\/kanzy.fr\/","name":"KANZY","description":"Bienvenue sur Kanzy.fr, votre destination en ligne pour l&#039;\u00e9l\u00e9gance et le charme des v\u00eatements traditionnels marocains. Plongez dans l&#039;univers captivant de la mode marocaine et d\u00e9couvrez une s\u00e9lection soigneusement choisie de v\u00eatements authentiques qui c\u00e9l\u00e8brent l&#039;h\u00e9ritage culturel du Maroc.","publisher":{"@id":"https:\/\/kanzy.fr\/#organization"},"potentialAction":[{"@type":"SearchAction","target":{"@type":"EntryPoint","urlTemplate":"https:\/\/kanzy.fr\/?s={search_term_string}"},"query-input":{"@type":"PropertyValueSpecification","valueRequired":true,"valueName":"search_term_string"}}],"inLanguage":"fr-FR"},{"@type":"Organization","@id":"https:\/\/kanzy.fr\/#organization","name":"KANZY","url":"https:\/\/kanzy.fr\/","logo":{"@type":"ImageObject","inLanguage":"fr-FR","@id":"https:\/\/kanzy.fr\/#\/schema\/logo\/image\/","url":"https:\/\/kanzy.fr\/wp-content\/uploads\/2023\/11\/cropped-1697977786494-2.png","contentUrl":"https:\/\/kanzy.fr\/wp-content\/uploads\/2023\/11\/cropped-1697977786494-2.png","width":100,"height":49,"caption":"KANZY"},"image":{"@id":"https:\/\/kanzy.fr\/#\/schema\/logo\/image\/"},"sameAs":["https:\/\/www.facebook.com\/kanzy.fr1\/"]}]}},"_links":{"self":[{"href":"https:\/\/kanzy.fr\/index.php\/wp-json\/wp\/v2\/product\/125","targetHints":{"allow":["GET"]}}],"collection":[{"href":"https:\/\/kanzy.fr\/index.php\/wp-json\/wp\/v2\/product"}],"about":[{"href":"https:\/\/kanzy.fr\/index.php\/wp-json\/wp\/v2\/types\/product"}],"replies":[{"embeddable":true,"href":"https:\/\/kanzy.fr\/index.php\/wp-json\/wp\/v2\/comments?post=125"}],"wp:featuredmedia":[{"embeddable":true,"href":"https:\/\/kanzy.fr\/index.php\/wp-json\/wp\/v2\/media\/118"}],"wp:attachment":[{"href":"https:\/\/kanzy.fr\/index.php\/wp-json\/wp\/v2\/media?parent=125"}],"wp:term":[{"taxonomy":"product_brand","embeddable":true,"href":"https:\/\/kanzy.fr\/index.php\/wp-json\/wp\/v2\/product_brand?post=125"},{"taxonomy":"product_cat","embeddable":true,"href":"https:\/\/kanzy.fr\/index.php\/wp-json\/wp\/v2\/product_cat?post=125"},{"taxonomy":"product_tag","embeddable":true,"href":"https:\/\/kanzy.fr\/index.php\/wp-json\/wp\/v2\/product_tag?post=125"}],"curies":[{"name":"wp","href":"https:\/\/api.w.org\/{rel}","templated":true}]}}