{"id":126,"date":"2023-10-24T18:53:55","date_gmt":"2023-10-24T18:53:55","guid":{"rendered":"https:\/\/kanzy.fr\/?post_type=product&#038;p=126"},"modified":"2024-10-29T20:14:48","modified_gmt":"2024-10-29T20:14:48","slug":"gandoura-marocaine-traditionnelle-pour-femme-rose","status":"publish","type":"product","link":"https:\/\/kanzy.fr\/index.php\/product\/gandoura-marocaine-traditionnelle-pour-femme-rose\/","title":{"rendered":"Gandoura Marocaine Traditionnelle pour Femme \u2013 Rose"},"content":{"rendered":"<p>D\u00e9couvrez l&rsquo;\u00e9l\u00e9gance de la mode marocaine avec notre Gandoura traditionnelle pour femme en rose. Cette pi\u00e8ce incarne la gr\u00e2ce et la richesse culturelle du Maroc.<\/p>\n<p>Le rose d\u00e9licat de cette Gandoura \u00e9voque la douceur et la f\u00e9minit\u00e9, tandis que les motifs et les broderies subtils ajoutent une touche d&rsquo;authenticit\u00e9 et d&rsquo;\u00e9l\u00e9gance.<\/p>\n<p>Chaque Gandoura est confectionn\u00e9e par des artisans marocains talentueux, pr\u00e9servant ainsi la tradition et la qualit\u00e9. Polyvalente et confortable, elle est parfaite pour toutes les occasions, du quotidien aux moments sp\u00e9ciaux.<\/p>\n<p>D\u00e9couvrez l&rsquo;art marocain et sa gr\u00e2ce intemporelle gr\u00e2ce \u00e0 cette pi\u00e8ce \u00e9l\u00e9gante.<\/p>\n","protected":false},"excerpt":{"rendered":"<p>Cette Gandoura incarne l&rsquo;\u00e9l\u00e9gance de la mode marocaine. Le rose d\u00e9licat et les motifs subtils ajoutent une touche d&rsquo;authenticit\u00e9 \u00e0 cette pi\u00e8ce polyvalente et confortable, parfaite pour toutes les occasions. Un symbole de l&rsquo;art marocain et de la f\u00e9minit\u00e9.<\/p>\n","protected":false},"featured_media":127,"comment_status":"open","ping_status":"closed","template":"","meta":[],"product_brand":[],"product_cat":[18,19],"product_tag":[35,29,30,31,37],"class_list":{"0":"post-126","1":"product","2":"type-product","3":"status-publish","4":"has-post-thumbnail","6":"product_cat-gandoura","7":"product_cat-robe-marocaine","8":"product_tag-caftan-classique","9":"product_tag-gandoura","10":"product_tag-robe","11":"product_tag-robe-marocaine","12":"product_tag-rose","14":"first","15":"outofstock","16":"sale","17":"shipping-taxable","18":"purchasable","19":"product-type-simple"},"yoast_head":"<!-- This site is optimized with the Yoast SEO plugin v27.3 - https:\/\/yoast.com\/product\/yoast-seo-wordpress\/ -->\n<title>Gandoura Marocaine Traditionnelle pour Femme \u2013 Rose - KANZY<\/title>\n<meta name=\"robots\" content=\"index, follow, max-snippet:-1, max-image-preview:large, max-video-preview:-1\" \/>\n<link rel=\"canonical\" href=\"https:\/\/kanzy.fr\/index.php\/product\/gandoura-marocaine-traditionnelle-pour-femme-rose\/\" \/>\n<meta property=\"og:locale\" content=\"fr_FR\" \/>\n<meta property=\"og:type\" content=\"article\" \/>\n<meta property=\"og:title\" content=\"Gandoura Marocaine Traditionnelle pour Femme \u2013 Rose - KANZY\" \/>\n<meta property=\"og:description\" content=\"Cette Gandoura incarne l&#039;\u00e9l\u00e9gance de la mode marocaine. Le rose d\u00e9licat et les motifs subtils ajoutent une touche d&#039;authenticit\u00e9 \u00e0 cette pi\u00e8ce polyvalente et confortable, parfaite pour toutes les occasions. Un symbole de l&#039;art marocain et de la f\u00e9minit\u00e9.\" \/>\n<meta property=\"og:url\" content=\"https:\/\/kanzy.fr\/index.php\/product\/gandoura-marocaine-traditionnelle-pour-femme-rose\/\" \/>\n<meta property=\"og:site_name\" content=\"KANZY\" \/>\n<meta property=\"article:publisher\" content=\"https:\/\/www.facebook.com\/kanzy.fr1\/\" \/>\n<meta property=\"article:modified_time\" content=\"2024-10-29T20:14:48+00:00\" \/>\n<meta property=\"og:image\" content=\"http:\/\/kanzy.fr\/wp-content\/uploads\/2023\/10\/1698141806829-scaled.jpg\" \/>\n\t<meta property=\"og:image:width\" content=\"1920\" \/>\n\t<meta property=\"og:image:height\" content=\"2560\" \/>\n\t<meta property=\"og:image:type\" content=\"image\/jpeg\" \/>\n<meta name=\"twitter:card\" content=\"summary_large_image\" \/>\n<meta name=\"twitter:label1\" content=\"Dur\u00e9e de lecture estim\u00e9e\" \/>\n\t<meta name=\"twitter:data1\" content=\"1 minute\" \/>\n<script type=\"application\/ld+json\" class=\"yoast-schema-graph\">{\"@context\":\"https:\\\/\\\/schema.org\",\"@graph\":[{\"@type\":\"WebPage\",\"@id\":\"https:\\\/\\\/kanzy.fr\\\/index.php\\\/product\\\/gandoura-marocaine-traditionnelle-pour-femme-rose\\\/\",\"url\":\"https:\\\/\\\/kanzy.fr\\\/index.php\\\/product\\\/gandoura-marocaine-traditionnelle-pour-femme-rose\\\/\",\"name\":\"Gandoura Marocaine Traditionnelle pour Femme \u2013 Rose - KANZY\",\"isPartOf\":{\"@id\":\"https:\\\/\\\/kanzy.fr\\\/#website\"},\"primaryImageOfPage\":{\"@id\":\"https:\\\/\\\/kanzy.fr\\\/index.php\\\/product\\\/gandoura-marocaine-traditionnelle-pour-femme-rose\\\/#primaryimage\"},\"image\":{\"@id\":\"https:\\\/\\\/kanzy.fr\\\/index.php\\\/product\\\/gandoura-marocaine-traditionnelle-pour-femme-rose\\\/#primaryimage\"},\"thumbnailUrl\":\"https:\\\/\\\/kanzy.fr\\\/wp-content\\\/uploads\\\/2023\\\/10\\\/1698141806829-scaled.jpg\",\"datePublished\":\"2023-10-24T18:53:55+00:00\",\"dateModified\":\"2024-10-29T20:14:48+00:00\",\"breadcrumb\":{\"@id\":\"https:\\\/\\\/kanzy.fr\\\/index.php\\\/product\\\/gandoura-marocaine-traditionnelle-pour-femme-rose\\\/#breadcrumb\"},\"inLanguage\":\"fr-FR\",\"potentialAction\":[{\"@type\":\"ReadAction\",\"target\":[\"https:\\\/\\\/kanzy.fr\\\/index.php\\\/product\\\/gandoura-marocaine-traditionnelle-pour-femme-rose\\\/\"]}]},{\"@type\":\"ImageObject\",\"inLanguage\":\"fr-FR\",\"@id\":\"https:\\\/\\\/kanzy.fr\\\/index.php\\\/product\\\/gandoura-marocaine-traditionnelle-pour-femme-rose\\\/#primaryimage\",\"url\":\"https:\\\/\\\/kanzy.fr\\\/wp-content\\\/uploads\\\/2023\\\/10\\\/1698141806829-scaled.jpg\",\"contentUrl\":\"https:\\\/\\\/kanzy.fr\\\/wp-content\\\/uploads\\\/2023\\\/10\\\/1698141806829-scaled.jpg\",\"width\":1920,\"height\":2560,\"caption\":\"Gandoura Marocaine Traditionnelle pour Femme \u2013 Rose\"},{\"@type\":\"BreadcrumbList\",\"@id\":\"https:\\\/\\\/kanzy.fr\\\/index.php\\\/product\\\/gandoura-marocaine-traditionnelle-pour-femme-rose\\\/#breadcrumb\",\"itemListElement\":[{\"@type\":\"ListItem\",\"position\":1,\"name\":\"Accueil\",\"item\":\"https:\\\/\\\/kanzy.fr\\\/\"},{\"@type\":\"ListItem\",\"position\":2,\"name\":\"Boutique\",\"item\":\"https:\\\/\\\/kanzy.fr\\\/\"},{\"@type\":\"ListItem\",\"position\":3,\"name\":\"Gandoura Marocaine Traditionnelle pour Femme \u2013 Rose\"}]},{\"@type\":\"WebSite\",\"@id\":\"https:\\\/\\\/kanzy.fr\\\/#website\",\"url\":\"https:\\\/\\\/kanzy.fr\\\/\",\"name\":\"KANZY\",\"description\":\"Bienvenue sur Kanzy.fr, votre destination en ligne pour l&#039;\u00e9l\u00e9gance et le charme des v\u00eatements traditionnels marocains. Plongez dans l&#039;univers captivant de la mode marocaine et d\u00e9couvrez une s\u00e9lection soigneusement choisie de v\u00eatements authentiques qui c\u00e9l\u00e8brent l&#039;h\u00e9ritage culturel du Maroc.\",\"publisher\":{\"@id\":\"https:\\\/\\\/kanzy.fr\\\/#organization\"},\"potentialAction\":[{\"@type\":\"SearchAction\",\"target\":{\"@type\":\"EntryPoint\",\"urlTemplate\":\"https:\\\/\\\/kanzy.fr\\\/?s={search_term_string}\"},\"query-input\":{\"@type\":\"PropertyValueSpecification\",\"valueRequired\":true,\"valueName\":\"search_term_string\"}}],\"inLanguage\":\"fr-FR\"},{\"@type\":\"Organization\",\"@id\":\"https:\\\/\\\/kanzy.fr\\\/#organization\",\"name\":\"KANZY\",\"url\":\"https:\\\/\\\/kanzy.fr\\\/\",\"logo\":{\"@type\":\"ImageObject\",\"inLanguage\":\"fr-FR\",\"@id\":\"https:\\\/\\\/kanzy.fr\\\/#\\\/schema\\\/logo\\\/image\\\/\",\"url\":\"https:\\\/\\\/kanzy.fr\\\/wp-content\\\/uploads\\\/2023\\\/11\\\/cropped-1697977786494-2.png\",\"contentUrl\":\"https:\\\/\\\/kanzy.fr\\\/wp-content\\\/uploads\\\/2023\\\/11\\\/cropped-1697977786494-2.png\",\"width\":100,\"height\":49,\"caption\":\"KANZY\"},\"image\":{\"@id\":\"https:\\\/\\\/kanzy.fr\\\/#\\\/schema\\\/logo\\\/image\\\/\"},\"sameAs\":[\"https:\\\/\\\/www.facebook.com\\\/kanzy.fr1\\\/\"]}]}<\/script>\n<!-- \/ Yoast SEO plugin. -->","yoast_head_json":{"title":"Gandoura Marocaine Traditionnelle pour Femme \u2013 Rose - KANZY","robots":{"index":"index","follow":"follow","max-snippet":"max-snippet:-1","max-image-preview":"max-image-preview:large","max-video-preview":"max-video-preview:-1"},"canonical":"https:\/\/kanzy.fr\/index.php\/product\/gandoura-marocaine-traditionnelle-pour-femme-rose\/","og_locale":"fr_FR","og_type":"article","og_title":"Gandoura Marocaine Traditionnelle pour Femme \u2013 Rose - KANZY","og_description":"Cette Gandoura incarne l'\u00e9l\u00e9gance de la mode marocaine. Le rose d\u00e9licat et les motifs subtils ajoutent une touche d'authenticit\u00e9 \u00e0 cette pi\u00e8ce polyvalente et confortable, parfaite pour toutes les occasions. Un symbole de l'art marocain et de la f\u00e9minit\u00e9.","og_url":"https:\/\/kanzy.fr\/index.php\/product\/gandoura-marocaine-traditionnelle-pour-femme-rose\/","og_site_name":"KANZY","article_publisher":"https:\/\/www.facebook.com\/kanzy.fr1\/","article_modified_time":"2024-10-29T20:14:48+00:00","og_image":[{"width":1920,"height":2560,"url":"http:\/\/kanzy.fr\/wp-content\/uploads\/2023\/10\/1698141806829-scaled.jpg","type":"image\/jpeg"}],"twitter_card":"summary_large_image","twitter_misc":{"Dur\u00e9e de lecture estim\u00e9e":"1 minute"},"schema":{"@context":"https:\/\/schema.org","@graph":[{"@type":"WebPage","@id":"https:\/\/kanzy.fr\/index.php\/product\/gandoura-marocaine-traditionnelle-pour-femme-rose\/","url":"https:\/\/kanzy.fr\/index.php\/product\/gandoura-marocaine-traditionnelle-pour-femme-rose\/","name":"Gandoura Marocaine Traditionnelle pour Femme \u2013 Rose - KANZY","isPartOf":{"@id":"https:\/\/kanzy.fr\/#website"},"primaryImageOfPage":{"@id":"https:\/\/kanzy.fr\/index.php\/product\/gandoura-marocaine-traditionnelle-pour-femme-rose\/#primaryimage"},"image":{"@id":"https:\/\/kanzy.fr\/index.php\/product\/gandoura-marocaine-traditionnelle-pour-femme-rose\/#primaryimage"},"thumbnailUrl":"https:\/\/kanzy.fr\/wp-content\/uploads\/2023\/10\/1698141806829-scaled.jpg","datePublished":"2023-10-24T18:53:55+00:00","dateModified":"2024-10-29T20:14:48+00:00","breadcrumb":{"@id":"https:\/\/kanzy.fr\/index.php\/product\/gandoura-marocaine-traditionnelle-pour-femme-rose\/#breadcrumb"},"inLanguage":"fr-FR","potentialAction":[{"@type":"ReadAction","target":["https:\/\/kanzy.fr\/index.php\/product\/gandoura-marocaine-traditionnelle-pour-femme-rose\/"]}]},{"@type":"ImageObject","inLanguage":"fr-FR","@id":"https:\/\/kanzy.fr\/index.php\/product\/gandoura-marocaine-traditionnelle-pour-femme-rose\/#primaryimage","url":"https:\/\/kanzy.fr\/wp-content\/uploads\/2023\/10\/1698141806829-scaled.jpg","contentUrl":"https:\/\/kanzy.fr\/wp-content\/uploads\/2023\/10\/1698141806829-scaled.jpg","width":1920,"height":2560,"caption":"Gandoura Marocaine Traditionnelle pour Femme \u2013 Rose"},{"@type":"BreadcrumbList","@id":"https:\/\/kanzy.fr\/index.php\/product\/gandoura-marocaine-traditionnelle-pour-femme-rose\/#breadcrumb","itemListElement":[{"@type":"ListItem","position":1,"name":"Accueil","item":"https:\/\/kanzy.fr\/"},{"@type":"ListItem","position":2,"name":"Boutique","item":"https:\/\/kanzy.fr\/"},{"@type":"ListItem","position":3,"name":"Gandoura Marocaine Traditionnelle pour Femme \u2013 Rose"}]},{"@type":"WebSite","@id":"https:\/\/kanzy.fr\/#website","url":"https:\/\/kanzy.fr\/","name":"KANZY","description":"Bienvenue sur Kanzy.fr, votre destination en ligne pour l&#039;\u00e9l\u00e9gance et le charme des v\u00eatements traditionnels marocains. Plongez dans l&#039;univers captivant de la mode marocaine et d\u00e9couvrez une s\u00e9lection soigneusement choisie de v\u00eatements authentiques qui c\u00e9l\u00e8brent l&#039;h\u00e9ritage culturel du Maroc.","publisher":{"@id":"https:\/\/kanzy.fr\/#organization"},"potentialAction":[{"@type":"SearchAction","target":{"@type":"EntryPoint","urlTemplate":"https:\/\/kanzy.fr\/?s={search_term_string}"},"query-input":{"@type":"PropertyValueSpecification","valueRequired":true,"valueName":"search_term_string"}}],"inLanguage":"fr-FR"},{"@type":"Organization","@id":"https:\/\/kanzy.fr\/#organization","name":"KANZY","url":"https:\/\/kanzy.fr\/","logo":{"@type":"ImageObject","inLanguage":"fr-FR","@id":"https:\/\/kanzy.fr\/#\/schema\/logo\/image\/","url":"https:\/\/kanzy.fr\/wp-content\/uploads\/2023\/11\/cropped-1697977786494-2.png","contentUrl":"https:\/\/kanzy.fr\/wp-content\/uploads\/2023\/11\/cropped-1697977786494-2.png","width":100,"height":49,"caption":"KANZY"},"image":{"@id":"https:\/\/kanzy.fr\/#\/schema\/logo\/image\/"},"sameAs":["https:\/\/www.facebook.com\/kanzy.fr1\/"]}]}},"_links":{"self":[{"href":"https:\/\/kanzy.fr\/index.php\/wp-json\/wp\/v2\/product\/126","targetHints":{"allow":["GET"]}}],"collection":[{"href":"https:\/\/kanzy.fr\/index.php\/wp-json\/wp\/v2\/product"}],"about":[{"href":"https:\/\/kanzy.fr\/index.php\/wp-json\/wp\/v2\/types\/product"}],"replies":[{"embeddable":true,"href":"https:\/\/kanzy.fr\/index.php\/wp-json\/wp\/v2\/comments?post=126"}],"wp:featuredmedia":[{"embeddable":true,"href":"https:\/\/kanzy.fr\/index.php\/wp-json\/wp\/v2\/media\/127"}],"wp:attachment":[{"href":"https:\/\/kanzy.fr\/index.php\/wp-json\/wp\/v2\/media?parent=126"}],"wp:term":[{"taxonomy":"product_brand","embeddable":true,"href":"https:\/\/kanzy.fr\/index.php\/wp-json\/wp\/v2\/product_brand?post=126"},{"taxonomy":"product_cat","embeddable":true,"href":"https:\/\/kanzy.fr\/index.php\/wp-json\/wp\/v2\/product_cat?post=126"},{"taxonomy":"product_tag","embeddable":true,"href":"https:\/\/kanzy.fr\/index.php\/wp-json\/wp\/v2\/product_tag?post=126"}],"curies":[{"name":"wp","href":"https:\/\/api.w.org\/{rel}","templated":true}]}}