{"id":143,"date":"2023-10-24T20:02:22","date_gmt":"2023-10-24T20:02:22","guid":{"rendered":"https:\/\/kanzy.fr\/?post_type=product&#038;p=143"},"modified":"2024-07-30T19:52:47","modified_gmt":"2024-07-30T19:52:47","slug":"gandoura-marocaine-traditionnelle-pour-femme-bleue-a-motif","status":"publish","type":"product","link":"https:\/\/kanzy.fr\/index.php\/product\/gandoura-marocaine-traditionnelle-pour-femme-bleue-a-motif\/","title":{"rendered":"Gandoura Marocaine Traditionnelle pour Femme &#8211; Bleue \u00e0 motif"},"content":{"rendered":"<p>Explorez la magnificence de la mode marocaine avec notre Gandoura traditionnelle pour femme en bleu, agr\u00e9ment\u00e9e de motifs subtils. Cette pi\u00e8ce incarne l&rsquo;\u00e9l\u00e9gance et la richesse culturelle du Maroc, tout en apportant une touche d&rsquo;originalit\u00e9.<\/p>\n<p>Le bleu de cette Gandoura \u00e9voque la paix et la s\u00e9r\u00e9nit\u00e9, tandis que les motifs ajoutent une dimension unique \u00e0 cette tenue, refl\u00e9tant la richesse de l&rsquo;art marocain. Chaque Gandoura est confectionn\u00e9e par des artisans marocains talentueux, perp\u00e9tuant ainsi la tradition et la qualit\u00e9.<\/p>\n<p>Polyvalente et confortable, elle convient \u00e0 toutes les occasions, du quotidien aux moments sp\u00e9ciaux. Cette Gandoura est bien plus qu&rsquo;un v\u00eatement ; elle est une porte ouverte vers un monde de gr\u00e2ce et d&rsquo;authenticit\u00e9, un t\u00e9moignage de l&rsquo;art marocain. D\u00e9couvrez la magie de la mode marocaine avec cette pi\u00e8ce \u00e9l\u00e9gante.<\/p>\n","protected":false},"excerpt":{"rendered":"<p>Cette Gandoura marie l&rsquo;\u00e9l\u00e9gance de la mode marocaine avec des motifs subtils. Confectionn\u00e9e par des artisans marocains talentueux, elle est polyvalente et confortable, adapt\u00e9e \u00e0 toutes les occasions. D\u00e9couvrez l&rsquo;art marocain \u00e0 travers cette pi\u00e8ce raffin\u00e9e.<\/p>\n","protected":false},"featured_media":144,"comment_status":"open","ping_status":"closed","template":"","meta":[],"product_brand":[],"product_cat":[18,19],"product_tag":[38,35,29,30,31],"class_list":{"0":"post-143","1":"product","2":"type-product","3":"status-publish","4":"has-post-thumbnail","6":"product_cat-gandoura","7":"product_cat-robe-marocaine","8":"product_tag-bleu","9":"product_tag-caftan-classique","10":"product_tag-gandoura","11":"product_tag-robe","12":"product_tag-robe-marocaine","14":"first","15":"instock","16":"sale","17":"shipping-taxable","18":"purchasable","19":"product-type-simple"},"yoast_head":"<!-- This site is optimized with the Yoast SEO plugin v27.3 - https:\/\/yoast.com\/product\/yoast-seo-wordpress\/ -->\n<title>Gandoura Marocaine Traditionnelle pour Femme - Bleue \u00e0 motif - KANZY<\/title>\n<meta name=\"robots\" content=\"index, follow, max-snippet:-1, max-image-preview:large, max-video-preview:-1\" \/>\n<link rel=\"canonical\" href=\"https:\/\/kanzy.fr\/index.php\/product\/gandoura-marocaine-traditionnelle-pour-femme-bleue-a-motif\/\" \/>\n<meta property=\"og:locale\" content=\"fr_FR\" \/>\n<meta property=\"og:type\" content=\"article\" \/>\n<meta property=\"og:title\" content=\"Gandoura Marocaine Traditionnelle pour Femme - Bleue \u00e0 motif - KANZY\" \/>\n<meta property=\"og:description\" content=\"Cette Gandoura marie l&#039;\u00e9l\u00e9gance de la mode marocaine avec des motifs subtils. Confectionn\u00e9e par des artisans marocains talentueux, elle est polyvalente et confortable, adapt\u00e9e \u00e0 toutes les occasions. D\u00e9couvrez l&#039;art marocain \u00e0 travers cette pi\u00e8ce raffin\u00e9e.\" \/>\n<meta property=\"og:url\" content=\"https:\/\/kanzy.fr\/index.php\/product\/gandoura-marocaine-traditionnelle-pour-femme-bleue-a-motif\/\" \/>\n<meta property=\"og:site_name\" content=\"KANZY\" \/>\n<meta property=\"article:publisher\" content=\"https:\/\/www.facebook.com\/kanzy.fr1\/\" \/>\n<meta property=\"article:modified_time\" content=\"2024-07-30T19:52:47+00:00\" \/>\n<meta property=\"og:image\" content=\"http:\/\/kanzy.fr\/wp-content\/uploads\/2023\/10\/1698141807145-scaled.jpg\" \/>\n\t<meta property=\"og:image:width\" content=\"1920\" \/>\n\t<meta property=\"og:image:height\" content=\"2560\" \/>\n\t<meta property=\"og:image:type\" content=\"image\/jpeg\" \/>\n<meta name=\"twitter:card\" content=\"summary_large_image\" \/>\n<meta name=\"twitter:label1\" content=\"Dur\u00e9e de lecture estim\u00e9e\" \/>\n\t<meta name=\"twitter:data1\" content=\"1 minute\" \/>\n<script type=\"application\/ld+json\" class=\"yoast-schema-graph\">{\"@context\":\"https:\\\/\\\/schema.org\",\"@graph\":[{\"@type\":\"WebPage\",\"@id\":\"https:\\\/\\\/kanzy.fr\\\/index.php\\\/product\\\/gandoura-marocaine-traditionnelle-pour-femme-bleue-a-motif\\\/\",\"url\":\"https:\\\/\\\/kanzy.fr\\\/index.php\\\/product\\\/gandoura-marocaine-traditionnelle-pour-femme-bleue-a-motif\\\/\",\"name\":\"Gandoura Marocaine Traditionnelle pour Femme - Bleue \u00e0 motif - KANZY\",\"isPartOf\":{\"@id\":\"https:\\\/\\\/kanzy.fr\\\/#website\"},\"primaryImageOfPage\":{\"@id\":\"https:\\\/\\\/kanzy.fr\\\/index.php\\\/product\\\/gandoura-marocaine-traditionnelle-pour-femme-bleue-a-motif\\\/#primaryimage\"},\"image\":{\"@id\":\"https:\\\/\\\/kanzy.fr\\\/index.php\\\/product\\\/gandoura-marocaine-traditionnelle-pour-femme-bleue-a-motif\\\/#primaryimage\"},\"thumbnailUrl\":\"https:\\\/\\\/kanzy.fr\\\/wp-content\\\/uploads\\\/2023\\\/10\\\/1698141807145-scaled.jpg\",\"datePublished\":\"2023-10-24T20:02:22+00:00\",\"dateModified\":\"2024-07-30T19:52:47+00:00\",\"breadcrumb\":{\"@id\":\"https:\\\/\\\/kanzy.fr\\\/index.php\\\/product\\\/gandoura-marocaine-traditionnelle-pour-femme-bleue-a-motif\\\/#breadcrumb\"},\"inLanguage\":\"fr-FR\",\"potentialAction\":[{\"@type\":\"ReadAction\",\"target\":[\"https:\\\/\\\/kanzy.fr\\\/index.php\\\/product\\\/gandoura-marocaine-traditionnelle-pour-femme-bleue-a-motif\\\/\"]}]},{\"@type\":\"ImageObject\",\"inLanguage\":\"fr-FR\",\"@id\":\"https:\\\/\\\/kanzy.fr\\\/index.php\\\/product\\\/gandoura-marocaine-traditionnelle-pour-femme-bleue-a-motif\\\/#primaryimage\",\"url\":\"https:\\\/\\\/kanzy.fr\\\/wp-content\\\/uploads\\\/2023\\\/10\\\/1698141807145-scaled.jpg\",\"contentUrl\":\"https:\\\/\\\/kanzy.fr\\\/wp-content\\\/uploads\\\/2023\\\/10\\\/1698141807145-scaled.jpg\",\"width\":1920,\"height\":2560,\"caption\":\"Gandoura Marocaine Traditionnelle pour Femme - Bleue \u00e0 Motif\"},{\"@type\":\"BreadcrumbList\",\"@id\":\"https:\\\/\\\/kanzy.fr\\\/index.php\\\/product\\\/gandoura-marocaine-traditionnelle-pour-femme-bleue-a-motif\\\/#breadcrumb\",\"itemListElement\":[{\"@type\":\"ListItem\",\"position\":1,\"name\":\"Accueil\",\"item\":\"https:\\\/\\\/kanzy.fr\\\/\"},{\"@type\":\"ListItem\",\"position\":2,\"name\":\"Boutique\",\"item\":\"https:\\\/\\\/kanzy.fr\\\/\"},{\"@type\":\"ListItem\",\"position\":3,\"name\":\"Gandoura Marocaine Traditionnelle pour Femme &#8211; Bleue \u00e0 motif\"}]},{\"@type\":\"WebSite\",\"@id\":\"https:\\\/\\\/kanzy.fr\\\/#website\",\"url\":\"https:\\\/\\\/kanzy.fr\\\/\",\"name\":\"KANZY\",\"description\":\"Bienvenue sur Kanzy.fr, votre destination en ligne pour l&#039;\u00e9l\u00e9gance et le charme des v\u00eatements traditionnels marocains. Plongez dans l&#039;univers captivant de la mode marocaine et d\u00e9couvrez une s\u00e9lection soigneusement choisie de v\u00eatements authentiques qui c\u00e9l\u00e8brent l&#039;h\u00e9ritage culturel du Maroc.\",\"publisher\":{\"@id\":\"https:\\\/\\\/kanzy.fr\\\/#organization\"},\"potentialAction\":[{\"@type\":\"SearchAction\",\"target\":{\"@type\":\"EntryPoint\",\"urlTemplate\":\"https:\\\/\\\/kanzy.fr\\\/?s={search_term_string}\"},\"query-input\":{\"@type\":\"PropertyValueSpecification\",\"valueRequired\":true,\"valueName\":\"search_term_string\"}}],\"inLanguage\":\"fr-FR\"},{\"@type\":\"Organization\",\"@id\":\"https:\\\/\\\/kanzy.fr\\\/#organization\",\"name\":\"KANZY\",\"url\":\"https:\\\/\\\/kanzy.fr\\\/\",\"logo\":{\"@type\":\"ImageObject\",\"inLanguage\":\"fr-FR\",\"@id\":\"https:\\\/\\\/kanzy.fr\\\/#\\\/schema\\\/logo\\\/image\\\/\",\"url\":\"https:\\\/\\\/kanzy.fr\\\/wp-content\\\/uploads\\\/2023\\\/11\\\/cropped-1697977786494-2.png\",\"contentUrl\":\"https:\\\/\\\/kanzy.fr\\\/wp-content\\\/uploads\\\/2023\\\/11\\\/cropped-1697977786494-2.png\",\"width\":100,\"height\":49,\"caption\":\"KANZY\"},\"image\":{\"@id\":\"https:\\\/\\\/kanzy.fr\\\/#\\\/schema\\\/logo\\\/image\\\/\"},\"sameAs\":[\"https:\\\/\\\/www.facebook.com\\\/kanzy.fr1\\\/\"]}]}<\/script>\n<!-- \/ Yoast SEO plugin. -->","yoast_head_json":{"title":"Gandoura Marocaine Traditionnelle pour Femme - Bleue \u00e0 motif - KANZY","robots":{"index":"index","follow":"follow","max-snippet":"max-snippet:-1","max-image-preview":"max-image-preview:large","max-video-preview":"max-video-preview:-1"},"canonical":"https:\/\/kanzy.fr\/index.php\/product\/gandoura-marocaine-traditionnelle-pour-femme-bleue-a-motif\/","og_locale":"fr_FR","og_type":"article","og_title":"Gandoura Marocaine Traditionnelle pour Femme - Bleue \u00e0 motif - KANZY","og_description":"Cette Gandoura marie l'\u00e9l\u00e9gance de la mode marocaine avec des motifs subtils. Confectionn\u00e9e par des artisans marocains talentueux, elle est polyvalente et confortable, adapt\u00e9e \u00e0 toutes les occasions. D\u00e9couvrez l'art marocain \u00e0 travers cette pi\u00e8ce raffin\u00e9e.","og_url":"https:\/\/kanzy.fr\/index.php\/product\/gandoura-marocaine-traditionnelle-pour-femme-bleue-a-motif\/","og_site_name":"KANZY","article_publisher":"https:\/\/www.facebook.com\/kanzy.fr1\/","article_modified_time":"2024-07-30T19:52:47+00:00","og_image":[{"width":1920,"height":2560,"url":"http:\/\/kanzy.fr\/wp-content\/uploads\/2023\/10\/1698141807145-scaled.jpg","type":"image\/jpeg"}],"twitter_card":"summary_large_image","twitter_misc":{"Dur\u00e9e de lecture estim\u00e9e":"1 minute"},"schema":{"@context":"https:\/\/schema.org","@graph":[{"@type":"WebPage","@id":"https:\/\/kanzy.fr\/index.php\/product\/gandoura-marocaine-traditionnelle-pour-femme-bleue-a-motif\/","url":"https:\/\/kanzy.fr\/index.php\/product\/gandoura-marocaine-traditionnelle-pour-femme-bleue-a-motif\/","name":"Gandoura Marocaine Traditionnelle pour Femme - Bleue \u00e0 motif - KANZY","isPartOf":{"@id":"https:\/\/kanzy.fr\/#website"},"primaryImageOfPage":{"@id":"https:\/\/kanzy.fr\/index.php\/product\/gandoura-marocaine-traditionnelle-pour-femme-bleue-a-motif\/#primaryimage"},"image":{"@id":"https:\/\/kanzy.fr\/index.php\/product\/gandoura-marocaine-traditionnelle-pour-femme-bleue-a-motif\/#primaryimage"},"thumbnailUrl":"https:\/\/kanzy.fr\/wp-content\/uploads\/2023\/10\/1698141807145-scaled.jpg","datePublished":"2023-10-24T20:02:22+00:00","dateModified":"2024-07-30T19:52:47+00:00","breadcrumb":{"@id":"https:\/\/kanzy.fr\/index.php\/product\/gandoura-marocaine-traditionnelle-pour-femme-bleue-a-motif\/#breadcrumb"},"inLanguage":"fr-FR","potentialAction":[{"@type":"ReadAction","target":["https:\/\/kanzy.fr\/index.php\/product\/gandoura-marocaine-traditionnelle-pour-femme-bleue-a-motif\/"]}]},{"@type":"ImageObject","inLanguage":"fr-FR","@id":"https:\/\/kanzy.fr\/index.php\/product\/gandoura-marocaine-traditionnelle-pour-femme-bleue-a-motif\/#primaryimage","url":"https:\/\/kanzy.fr\/wp-content\/uploads\/2023\/10\/1698141807145-scaled.jpg","contentUrl":"https:\/\/kanzy.fr\/wp-content\/uploads\/2023\/10\/1698141807145-scaled.jpg","width":1920,"height":2560,"caption":"Gandoura Marocaine Traditionnelle pour Femme - Bleue \u00e0 Motif"},{"@type":"BreadcrumbList","@id":"https:\/\/kanzy.fr\/index.php\/product\/gandoura-marocaine-traditionnelle-pour-femme-bleue-a-motif\/#breadcrumb","itemListElement":[{"@type":"ListItem","position":1,"name":"Accueil","item":"https:\/\/kanzy.fr\/"},{"@type":"ListItem","position":2,"name":"Boutique","item":"https:\/\/kanzy.fr\/"},{"@type":"ListItem","position":3,"name":"Gandoura Marocaine Traditionnelle pour Femme &#8211; Bleue \u00e0 motif"}]},{"@type":"WebSite","@id":"https:\/\/kanzy.fr\/#website","url":"https:\/\/kanzy.fr\/","name":"KANZY","description":"Bienvenue sur Kanzy.fr, votre destination en ligne pour l&#039;\u00e9l\u00e9gance et le charme des v\u00eatements traditionnels marocains. Plongez dans l&#039;univers captivant de la mode marocaine et d\u00e9couvrez une s\u00e9lection soigneusement choisie de v\u00eatements authentiques qui c\u00e9l\u00e8brent l&#039;h\u00e9ritage culturel du Maroc.","publisher":{"@id":"https:\/\/kanzy.fr\/#organization"},"potentialAction":[{"@type":"SearchAction","target":{"@type":"EntryPoint","urlTemplate":"https:\/\/kanzy.fr\/?s={search_term_string}"},"query-input":{"@type":"PropertyValueSpecification","valueRequired":true,"valueName":"search_term_string"}}],"inLanguage":"fr-FR"},{"@type":"Organization","@id":"https:\/\/kanzy.fr\/#organization","name":"KANZY","url":"https:\/\/kanzy.fr\/","logo":{"@type":"ImageObject","inLanguage":"fr-FR","@id":"https:\/\/kanzy.fr\/#\/schema\/logo\/image\/","url":"https:\/\/kanzy.fr\/wp-content\/uploads\/2023\/11\/cropped-1697977786494-2.png","contentUrl":"https:\/\/kanzy.fr\/wp-content\/uploads\/2023\/11\/cropped-1697977786494-2.png","width":100,"height":49,"caption":"KANZY"},"image":{"@id":"https:\/\/kanzy.fr\/#\/schema\/logo\/image\/"},"sameAs":["https:\/\/www.facebook.com\/kanzy.fr1\/"]}]}},"_links":{"self":[{"href":"https:\/\/kanzy.fr\/index.php\/wp-json\/wp\/v2\/product\/143","targetHints":{"allow":["GET"]}}],"collection":[{"href":"https:\/\/kanzy.fr\/index.php\/wp-json\/wp\/v2\/product"}],"about":[{"href":"https:\/\/kanzy.fr\/index.php\/wp-json\/wp\/v2\/types\/product"}],"replies":[{"embeddable":true,"href":"https:\/\/kanzy.fr\/index.php\/wp-json\/wp\/v2\/comments?post=143"}],"wp:featuredmedia":[{"embeddable":true,"href":"https:\/\/kanzy.fr\/index.php\/wp-json\/wp\/v2\/media\/144"}],"wp:attachment":[{"href":"https:\/\/kanzy.fr\/index.php\/wp-json\/wp\/v2\/media?parent=143"}],"wp:term":[{"taxonomy":"product_brand","embeddable":true,"href":"https:\/\/kanzy.fr\/index.php\/wp-json\/wp\/v2\/product_brand?post=143"},{"taxonomy":"product_cat","embeddable":true,"href":"https:\/\/kanzy.fr\/index.php\/wp-json\/wp\/v2\/product_cat?post=143"},{"taxonomy":"product_tag","embeddable":true,"href":"https:\/\/kanzy.fr\/index.php\/wp-json\/wp\/v2\/product_tag?post=143"}],"curies":[{"name":"wp","href":"https:\/\/api.w.org\/{rel}","templated":true}]}}