{"id":186,"date":"2023-10-26T22:05:45","date_gmt":"2023-10-26T22:05:45","guid":{"rendered":"https:\/\/kanzy.fr\/?post_type=product&#038;p=186"},"modified":"2025-11-16T20:00:33","modified_gmt":"2025-11-16T20:00:33","slug":"babouche-berbere-traditionnelle-femme-pompons-dore","status":"publish","type":"product","link":"https:\/\/kanzy.fr\/index.php\/product\/babouche-berbere-traditionnelle-femme-pompons-dore\/","title":{"rendered":"Babouche berb\u00e8re traditionnelle femme Pompons  &#8211; Dor\u00e9"},"content":{"rendered":"<p>Plongez dans l&rsquo;\u00e9l\u00e9gance de la tradition berb\u00e8re marocaine avec nos babouches pour femmes en dor\u00e9, agr\u00e9ment\u00e9es de ravissants pompons. Ces chaussures traditionnelles incarnent la gr\u00e2ce et la richesse culturelle de la r\u00e9gion berb\u00e8re du moyen Atlas marocain, avec une touche d&rsquo;\u00e9clat.<\/p>\n<p>La couleur dor\u00e9e de ces babouches \u00e9voque la splendeur et l&rsquo;opulence, tandis que les pompons ajoutent une dimension unique \u00e0 chaque paire. Chaque babouche est confectionn\u00e9e \u00e0 la main par des artisans berb\u00e8res talentueux, perp\u00e9tuant des traditions s\u00e9culaires et une qualit\u00e9 in\u00e9gal\u00e9e.<\/p>\n<p>Polyvalentes et confortables, ces babouches conviennent \u00e0 diverses occasions, qu&rsquo;il s&rsquo;agisse d&rsquo;une journ\u00e9e ordinaire ou de festivit\u00e9s sp\u00e9ciales. En portant ces babouches, vous adoptez un morceau du patrimoine berb\u00e8re avec une touche d&rsquo;\u00e9l\u00e9gance et de brillance.<\/p>\n","protected":false},"excerpt":{"rendered":"<p>Ces babouches \u00e9voquent l&rsquo;\u00e9l\u00e9gance de la tradition berb\u00e8re avec une touche d&rsquo;\u00e9clat gr\u00e2ce \u00e0 leurs pompons charmants. Confectionn\u00e9es \u00e0 la main par des artisans berb\u00e8res talentueux, elles sont polyvalentes et confortables, parfaites pour toutes les occasions. Un hommage au patrimoine berb\u00e8re avec une touche de brillance.<\/p>\n","protected":false},"featured_media":187,"comment_status":"open","ping_status":"closed","template":"","meta":[],"product_brand":[],"product_cat":[21],"product_tag":[46,47,39,53,51,54,49,48,41],"class_list":{"0":"post-186","1":"product","2":"type-product","3":"status-publish","4":"has-post-thumbnail","6":"product_cat-babouche","7":"product_tag-amazigh","8":"product_tag-artisanat","9":"product_tag-babouche","10":"product_tag-balgha","11":"product_tag-berbere","12":"product_tag-dore","13":"product_tag-fes","14":"product_tag-khenifra","15":"product_tag-pom-pom","17":"first","18":"outofstock","19":"sale","20":"shipping-taxable","21":"purchasable","22":"product-type-variable","23":"has-default-attributes"},"yoast_head":"<!-- This site is optimized with the Yoast SEO plugin v27.3 - https:\/\/yoast.com\/product\/yoast-seo-wordpress\/ -->\n<title>Babouche berb\u00e8re traditionnelle femme Pompons - Dor\u00e9 - KANZY<\/title>\n<meta name=\"robots\" content=\"index, follow, max-snippet:-1, max-image-preview:large, max-video-preview:-1\" \/>\n<link rel=\"canonical\" href=\"https:\/\/kanzy.fr\/index.php\/product\/babouche-berbere-traditionnelle-femme-pompons-dore\/\" \/>\n<meta property=\"og:locale\" content=\"fr_FR\" \/>\n<meta property=\"og:type\" content=\"article\" \/>\n<meta property=\"og:title\" content=\"Babouche berb\u00e8re traditionnelle femme Pompons - Dor\u00e9 - KANZY\" \/>\n<meta property=\"og:description\" content=\"Ces babouches \u00e9voquent l&#039;\u00e9l\u00e9gance de la tradition berb\u00e8re avec une touche d&#039;\u00e9clat gr\u00e2ce \u00e0 leurs pompons charmants. Confectionn\u00e9es \u00e0 la main par des artisans berb\u00e8res talentueux, elles sont polyvalentes et confortables, parfaites pour toutes les occasions. Un hommage au patrimoine berb\u00e8re avec une touche de brillance.\" \/>\n<meta property=\"og:url\" content=\"https:\/\/kanzy.fr\/index.php\/product\/babouche-berbere-traditionnelle-femme-pompons-dore\/\" \/>\n<meta property=\"og:site_name\" content=\"KANZY\" \/>\n<meta property=\"article:publisher\" content=\"https:\/\/www.facebook.com\/kanzy.fr1\/\" \/>\n<meta property=\"article:modified_time\" content=\"2025-11-16T20:00:33+00:00\" \/>\n<meta property=\"og:image\" content=\"http:\/\/kanzy.fr\/wp-content\/uploads\/2023\/10\/20231022_132610-scaled.jpg\" \/>\n\t<meta property=\"og:image:width\" content=\"1920\" \/>\n\t<meta property=\"og:image:height\" content=\"2560\" \/>\n\t<meta property=\"og:image:type\" content=\"image\/jpeg\" \/>\n<meta name=\"twitter:card\" content=\"summary_large_image\" \/>\n<meta name=\"twitter:label1\" content=\"Dur\u00e9e de lecture estim\u00e9e\" \/>\n\t<meta name=\"twitter:data1\" content=\"1 minute\" \/>\n<script type=\"application\/ld+json\" class=\"yoast-schema-graph\">{\"@context\":\"https:\\\/\\\/schema.org\",\"@graph\":[{\"@type\":\"WebPage\",\"@id\":\"https:\\\/\\\/kanzy.fr\\\/index.php\\\/product\\\/babouche-berbere-traditionnelle-femme-pompons-dore\\\/\",\"url\":\"https:\\\/\\\/kanzy.fr\\\/index.php\\\/product\\\/babouche-berbere-traditionnelle-femme-pompons-dore\\\/\",\"name\":\"Babouche berb\u00e8re traditionnelle femme Pompons - Dor\u00e9 - KANZY\",\"isPartOf\":{\"@id\":\"https:\\\/\\\/kanzy.fr\\\/#website\"},\"primaryImageOfPage\":{\"@id\":\"https:\\\/\\\/kanzy.fr\\\/index.php\\\/product\\\/babouche-berbere-traditionnelle-femme-pompons-dore\\\/#primaryimage\"},\"image\":{\"@id\":\"https:\\\/\\\/kanzy.fr\\\/index.php\\\/product\\\/babouche-berbere-traditionnelle-femme-pompons-dore\\\/#primaryimage\"},\"thumbnailUrl\":\"https:\\\/\\\/kanzy.fr\\\/wp-content\\\/uploads\\\/2023\\\/10\\\/20231022_132610-scaled.jpg\",\"datePublished\":\"2023-10-26T22:05:45+00:00\",\"dateModified\":\"2025-11-16T20:00:33+00:00\",\"breadcrumb\":{\"@id\":\"https:\\\/\\\/kanzy.fr\\\/index.php\\\/product\\\/babouche-berbere-traditionnelle-femme-pompons-dore\\\/#breadcrumb\"},\"inLanguage\":\"fr-FR\",\"potentialAction\":[{\"@type\":\"ReadAction\",\"target\":[\"https:\\\/\\\/kanzy.fr\\\/index.php\\\/product\\\/babouche-berbere-traditionnelle-femme-pompons-dore\\\/\"]}]},{\"@type\":\"ImageObject\",\"inLanguage\":\"fr-FR\",\"@id\":\"https:\\\/\\\/kanzy.fr\\\/index.php\\\/product\\\/babouche-berbere-traditionnelle-femme-pompons-dore\\\/#primaryimage\",\"url\":\"https:\\\/\\\/kanzy.fr\\\/wp-content\\\/uploads\\\/2023\\\/10\\\/20231022_132610-scaled.jpg\",\"contentUrl\":\"https:\\\/\\\/kanzy.fr\\\/wp-content\\\/uploads\\\/2023\\\/10\\\/20231022_132610-scaled.jpg\",\"width\":1920,\"height\":2560,\"caption\":\"Babouche Berb\u00e8re Traditionnelle pour Femme Pompons - Dor\u00e9\"},{\"@type\":\"BreadcrumbList\",\"@id\":\"https:\\\/\\\/kanzy.fr\\\/index.php\\\/product\\\/babouche-berbere-traditionnelle-femme-pompons-dore\\\/#breadcrumb\",\"itemListElement\":[{\"@type\":\"ListItem\",\"position\":1,\"name\":\"Accueil\",\"item\":\"https:\\\/\\\/kanzy.fr\\\/\"},{\"@type\":\"ListItem\",\"position\":2,\"name\":\"Boutique\",\"item\":\"https:\\\/\\\/kanzy.fr\\\/\"},{\"@type\":\"ListItem\",\"position\":3,\"name\":\"Babouche berb\u00e8re traditionnelle femme Pompons &#8211; Dor\u00e9\"}]},{\"@type\":\"WebSite\",\"@id\":\"https:\\\/\\\/kanzy.fr\\\/#website\",\"url\":\"https:\\\/\\\/kanzy.fr\\\/\",\"name\":\"KANZY\",\"description\":\"Bienvenue sur Kanzy.fr, votre destination en ligne pour l&#039;\u00e9l\u00e9gance et le charme des v\u00eatements traditionnels marocains. Plongez dans l&#039;univers captivant de la mode marocaine et d\u00e9couvrez une s\u00e9lection soigneusement choisie de v\u00eatements authentiques qui c\u00e9l\u00e8brent l&#039;h\u00e9ritage culturel du Maroc.\",\"publisher\":{\"@id\":\"https:\\\/\\\/kanzy.fr\\\/#organization\"},\"potentialAction\":[{\"@type\":\"SearchAction\",\"target\":{\"@type\":\"EntryPoint\",\"urlTemplate\":\"https:\\\/\\\/kanzy.fr\\\/?s={search_term_string}\"},\"query-input\":{\"@type\":\"PropertyValueSpecification\",\"valueRequired\":true,\"valueName\":\"search_term_string\"}}],\"inLanguage\":\"fr-FR\"},{\"@type\":\"Organization\",\"@id\":\"https:\\\/\\\/kanzy.fr\\\/#organization\",\"name\":\"KANZY\",\"url\":\"https:\\\/\\\/kanzy.fr\\\/\",\"logo\":{\"@type\":\"ImageObject\",\"inLanguage\":\"fr-FR\",\"@id\":\"https:\\\/\\\/kanzy.fr\\\/#\\\/schema\\\/logo\\\/image\\\/\",\"url\":\"https:\\\/\\\/kanzy.fr\\\/wp-content\\\/uploads\\\/2023\\\/11\\\/cropped-1697977786494-2.png\",\"contentUrl\":\"https:\\\/\\\/kanzy.fr\\\/wp-content\\\/uploads\\\/2023\\\/11\\\/cropped-1697977786494-2.png\",\"width\":100,\"height\":49,\"caption\":\"KANZY\"},\"image\":{\"@id\":\"https:\\\/\\\/kanzy.fr\\\/#\\\/schema\\\/logo\\\/image\\\/\"},\"sameAs\":[\"https:\\\/\\\/www.facebook.com\\\/kanzy.fr1\\\/\"]}]}<\/script>\n<!-- \/ Yoast SEO plugin. -->","yoast_head_json":{"title":"Babouche berb\u00e8re traditionnelle femme Pompons - Dor\u00e9 - KANZY","robots":{"index":"index","follow":"follow","max-snippet":"max-snippet:-1","max-image-preview":"max-image-preview:large","max-video-preview":"max-video-preview:-1"},"canonical":"https:\/\/kanzy.fr\/index.php\/product\/babouche-berbere-traditionnelle-femme-pompons-dore\/","og_locale":"fr_FR","og_type":"article","og_title":"Babouche berb\u00e8re traditionnelle femme Pompons - Dor\u00e9 - KANZY","og_description":"Ces babouches \u00e9voquent l'\u00e9l\u00e9gance de la tradition berb\u00e8re avec une touche d'\u00e9clat gr\u00e2ce \u00e0 leurs pompons charmants. Confectionn\u00e9es \u00e0 la main par des artisans berb\u00e8res talentueux, elles sont polyvalentes et confortables, parfaites pour toutes les occasions. Un hommage au patrimoine berb\u00e8re avec une touche de brillance.","og_url":"https:\/\/kanzy.fr\/index.php\/product\/babouche-berbere-traditionnelle-femme-pompons-dore\/","og_site_name":"KANZY","article_publisher":"https:\/\/www.facebook.com\/kanzy.fr1\/","article_modified_time":"2025-11-16T20:00:33+00:00","og_image":[{"width":1920,"height":2560,"url":"http:\/\/kanzy.fr\/wp-content\/uploads\/2023\/10\/20231022_132610-scaled.jpg","type":"image\/jpeg"}],"twitter_card":"summary_large_image","twitter_misc":{"Dur\u00e9e de lecture estim\u00e9e":"1 minute"},"schema":{"@context":"https:\/\/schema.org","@graph":[{"@type":"WebPage","@id":"https:\/\/kanzy.fr\/index.php\/product\/babouche-berbere-traditionnelle-femme-pompons-dore\/","url":"https:\/\/kanzy.fr\/index.php\/product\/babouche-berbere-traditionnelle-femme-pompons-dore\/","name":"Babouche berb\u00e8re traditionnelle femme Pompons - Dor\u00e9 - KANZY","isPartOf":{"@id":"https:\/\/kanzy.fr\/#website"},"primaryImageOfPage":{"@id":"https:\/\/kanzy.fr\/index.php\/product\/babouche-berbere-traditionnelle-femme-pompons-dore\/#primaryimage"},"image":{"@id":"https:\/\/kanzy.fr\/index.php\/product\/babouche-berbere-traditionnelle-femme-pompons-dore\/#primaryimage"},"thumbnailUrl":"https:\/\/kanzy.fr\/wp-content\/uploads\/2023\/10\/20231022_132610-scaled.jpg","datePublished":"2023-10-26T22:05:45+00:00","dateModified":"2025-11-16T20:00:33+00:00","breadcrumb":{"@id":"https:\/\/kanzy.fr\/index.php\/product\/babouche-berbere-traditionnelle-femme-pompons-dore\/#breadcrumb"},"inLanguage":"fr-FR","potentialAction":[{"@type":"ReadAction","target":["https:\/\/kanzy.fr\/index.php\/product\/babouche-berbere-traditionnelle-femme-pompons-dore\/"]}]},{"@type":"ImageObject","inLanguage":"fr-FR","@id":"https:\/\/kanzy.fr\/index.php\/product\/babouche-berbere-traditionnelle-femme-pompons-dore\/#primaryimage","url":"https:\/\/kanzy.fr\/wp-content\/uploads\/2023\/10\/20231022_132610-scaled.jpg","contentUrl":"https:\/\/kanzy.fr\/wp-content\/uploads\/2023\/10\/20231022_132610-scaled.jpg","width":1920,"height":2560,"caption":"Babouche Berb\u00e8re Traditionnelle pour Femme Pompons - Dor\u00e9"},{"@type":"BreadcrumbList","@id":"https:\/\/kanzy.fr\/index.php\/product\/babouche-berbere-traditionnelle-femme-pompons-dore\/#breadcrumb","itemListElement":[{"@type":"ListItem","position":1,"name":"Accueil","item":"https:\/\/kanzy.fr\/"},{"@type":"ListItem","position":2,"name":"Boutique","item":"https:\/\/kanzy.fr\/"},{"@type":"ListItem","position":3,"name":"Babouche berb\u00e8re traditionnelle femme Pompons &#8211; Dor\u00e9"}]},{"@type":"WebSite","@id":"https:\/\/kanzy.fr\/#website","url":"https:\/\/kanzy.fr\/","name":"KANZY","description":"Bienvenue sur Kanzy.fr, votre destination en ligne pour l&#039;\u00e9l\u00e9gance et le charme des v\u00eatements traditionnels marocains. Plongez dans l&#039;univers captivant de la mode marocaine et d\u00e9couvrez une s\u00e9lection soigneusement choisie de v\u00eatements authentiques qui c\u00e9l\u00e8brent l&#039;h\u00e9ritage culturel du Maroc.","publisher":{"@id":"https:\/\/kanzy.fr\/#organization"},"potentialAction":[{"@type":"SearchAction","target":{"@type":"EntryPoint","urlTemplate":"https:\/\/kanzy.fr\/?s={search_term_string}"},"query-input":{"@type":"PropertyValueSpecification","valueRequired":true,"valueName":"search_term_string"}}],"inLanguage":"fr-FR"},{"@type":"Organization","@id":"https:\/\/kanzy.fr\/#organization","name":"KANZY","url":"https:\/\/kanzy.fr\/","logo":{"@type":"ImageObject","inLanguage":"fr-FR","@id":"https:\/\/kanzy.fr\/#\/schema\/logo\/image\/","url":"https:\/\/kanzy.fr\/wp-content\/uploads\/2023\/11\/cropped-1697977786494-2.png","contentUrl":"https:\/\/kanzy.fr\/wp-content\/uploads\/2023\/11\/cropped-1697977786494-2.png","width":100,"height":49,"caption":"KANZY"},"image":{"@id":"https:\/\/kanzy.fr\/#\/schema\/logo\/image\/"},"sameAs":["https:\/\/www.facebook.com\/kanzy.fr1\/"]}]}},"_links":{"self":[{"href":"https:\/\/kanzy.fr\/index.php\/wp-json\/wp\/v2\/product\/186","targetHints":{"allow":["GET"]}}],"collection":[{"href":"https:\/\/kanzy.fr\/index.php\/wp-json\/wp\/v2\/product"}],"about":[{"href":"https:\/\/kanzy.fr\/index.php\/wp-json\/wp\/v2\/types\/product"}],"replies":[{"embeddable":true,"href":"https:\/\/kanzy.fr\/index.php\/wp-json\/wp\/v2\/comments?post=186"}],"wp:featuredmedia":[{"embeddable":true,"href":"https:\/\/kanzy.fr\/index.php\/wp-json\/wp\/v2\/media\/187"}],"wp:attachment":[{"href":"https:\/\/kanzy.fr\/index.php\/wp-json\/wp\/v2\/media?parent=186"}],"wp:term":[{"taxonomy":"product_brand","embeddable":true,"href":"https:\/\/kanzy.fr\/index.php\/wp-json\/wp\/v2\/product_brand?post=186"},{"taxonomy":"product_cat","embeddable":true,"href":"https:\/\/kanzy.fr\/index.php\/wp-json\/wp\/v2\/product_cat?post=186"},{"taxonomy":"product_tag","embeddable":true,"href":"https:\/\/kanzy.fr\/index.php\/wp-json\/wp\/v2\/product_tag?post=186"}],"curies":[{"name":"wp","href":"https:\/\/api.w.org\/{rel}","templated":true}]}}