{"id":195,"date":"2023-10-26T22:14:28","date_gmt":"2023-10-26T22:14:28","guid":{"rendered":"https:\/\/kanzy.fr\/?post_type=product&#038;p=195"},"modified":"2024-07-30T20:02:01","modified_gmt":"2024-07-30T20:02:01","slug":"babouche-berbere-traditionnelle-femme-pompons-bleu","status":"publish","type":"product","link":"https:\/\/kanzy.fr\/index.php\/product\/babouche-berbere-traditionnelle-femme-pompons-bleu\/","title":{"rendered":"Babouche berb\u00e8re traditionnelle femme Pompons  &#8211; Bleu"},"content":{"rendered":"<p>Plongez dans l&rsquo;\u00e9l\u00e9gance de la tradition berb\u00e8re avec nos babouches pour femmes en bleu, orn\u00e9es de charmants pompons. Ces chaussures traditionnelles marocaines incarnent la gr\u00e2ce et la richesse culturelle de la r\u00e9gion berb\u00e8re du moyen Atlas marocain, avec une touche de vitalit\u00e9.<\/p>\n<p>Le bleu de ces babouches \u00e9voque la paix et la s\u00e9r\u00e9nit\u00e9, tandis que les pompons ajoutent une dimension unique \u00e0 chaque paire. Chaque babouche est confectionn\u00e9e \u00e0 la main par des artisans berb\u00e8res talentueux, pr\u00e9servant ainsi des traditions s\u00e9culaires et une qualit\u00e9 exceptionnelle.<\/p>\n<p>Polyvalentes et confortables, ces babouches conviennent \u00e0 diverses occasions, qu&rsquo;il s&rsquo;agisse d&rsquo;une journ\u00e9e ordinaire ou de festivit\u00e9s sp\u00e9ciales. En portant ces babouches, vous adoptez un morceau du patrimoine berb\u00e8re avec une touche d&rsquo;\u00e9l\u00e9gance et de vitalit\u00e9.<\/p>\n","protected":false},"excerpt":{"rendered":"<p>Ces babouches incarnent l&rsquo;\u00e9l\u00e9gance de la tradition berb\u00e8re avec une touche de vitalit\u00e9 gr\u00e2ce \u00e0 leurs pompons charmants. Confectionn\u00e9es \u00e0 la main par des artisans berb\u00e8res talentueux, elles sont polyvalentes et confortables, parfaites pour toutes les occasions. Un hommage au patrimoine berb\u00e8re avec une touche de vivacit\u00e9.<\/p>\n","protected":false},"featured_media":196,"comment_status":"open","ping_status":"closed","template":"","meta":[],"product_brand":[],"product_cat":[21],"product_tag":[46,47,39,53,51,38,49,48,41],"class_list":{"0":"post-195","1":"product","2":"type-product","3":"status-publish","4":"has-post-thumbnail","6":"product_cat-babouche","7":"product_tag-amazigh","8":"product_tag-artisanat","9":"product_tag-babouche","10":"product_tag-balgha","11":"product_tag-berbere","12":"product_tag-bleu","13":"product_tag-fes","14":"product_tag-khenifra","15":"product_tag-pom-pom","17":"first","18":"instock","19":"sale","20":"shipping-taxable","21":"purchasable","22":"product-type-variable","23":"has-default-attributes"},"yoast_head":"<!-- This site is optimized with the Yoast SEO plugin v27.4 - https:\/\/yoast.com\/product\/yoast-seo-wordpress\/ -->\n<title>Babouche berb\u00e8re traditionnelle femme Pompons - Bleu - KANZY<\/title>\n<meta name=\"robots\" content=\"index, follow, max-snippet:-1, max-image-preview:large, max-video-preview:-1\" \/>\n<link rel=\"canonical\" href=\"https:\/\/kanzy.fr\/index.php\/product\/babouche-berbere-traditionnelle-femme-pompons-bleu\/\" \/>\n<meta property=\"og:locale\" content=\"fr_FR\" \/>\n<meta property=\"og:type\" content=\"article\" \/>\n<meta property=\"og:title\" content=\"Babouche berb\u00e8re traditionnelle femme Pompons - Bleu - KANZY\" \/>\n<meta property=\"og:description\" content=\"Ces babouches incarnent l&#039;\u00e9l\u00e9gance de la tradition berb\u00e8re avec une touche de vitalit\u00e9 gr\u00e2ce \u00e0 leurs pompons charmants. Confectionn\u00e9es \u00e0 la main par des artisans berb\u00e8res talentueux, elles sont polyvalentes et confortables, parfaites pour toutes les occasions. Un hommage au patrimoine berb\u00e8re avec une touche de vivacit\u00e9.\" \/>\n<meta property=\"og:url\" content=\"https:\/\/kanzy.fr\/index.php\/product\/babouche-berbere-traditionnelle-femme-pompons-bleu\/\" \/>\n<meta property=\"og:site_name\" content=\"KANZY\" \/>\n<meta property=\"article:publisher\" content=\"https:\/\/www.facebook.com\/kanzy.fr1\/\" \/>\n<meta property=\"article:modified_time\" content=\"2024-07-30T20:02:01+00:00\" \/>\n<meta property=\"og:image\" content=\"http:\/\/kanzy.fr\/wp-content\/uploads\/2023\/10\/20231022_132654-scaled.jpg\" \/>\n\t<meta property=\"og:image:width\" content=\"1920\" \/>\n\t<meta property=\"og:image:height\" content=\"2560\" \/>\n\t<meta property=\"og:image:type\" content=\"image\/jpeg\" \/>\n<meta name=\"twitter:card\" content=\"summary_large_image\" \/>\n<meta name=\"twitter:label1\" content=\"Dur\u00e9e de lecture estim\u00e9e\" \/>\n\t<meta name=\"twitter:data1\" content=\"1 minute\" \/>\n<script type=\"application\/ld+json\" class=\"yoast-schema-graph\">{\"@context\":\"https:\\\/\\\/schema.org\",\"@graph\":[{\"@type\":\"WebPage\",\"@id\":\"https:\\\/\\\/kanzy.fr\\\/index.php\\\/product\\\/babouche-berbere-traditionnelle-femme-pompons-bleu\\\/\",\"url\":\"https:\\\/\\\/kanzy.fr\\\/index.php\\\/product\\\/babouche-berbere-traditionnelle-femme-pompons-bleu\\\/\",\"name\":\"Babouche berb\u00e8re traditionnelle femme Pompons - Bleu - KANZY\",\"isPartOf\":{\"@id\":\"https:\\\/\\\/kanzy.fr\\\/#website\"},\"primaryImageOfPage\":{\"@id\":\"https:\\\/\\\/kanzy.fr\\\/index.php\\\/product\\\/babouche-berbere-traditionnelle-femme-pompons-bleu\\\/#primaryimage\"},\"image\":{\"@id\":\"https:\\\/\\\/kanzy.fr\\\/index.php\\\/product\\\/babouche-berbere-traditionnelle-femme-pompons-bleu\\\/#primaryimage\"},\"thumbnailUrl\":\"https:\\\/\\\/kanzy.fr\\\/wp-content\\\/uploads\\\/2023\\\/10\\\/20231022_132654-scaled.jpg\",\"datePublished\":\"2023-10-26T22:14:28+00:00\",\"dateModified\":\"2024-07-30T20:02:01+00:00\",\"breadcrumb\":{\"@id\":\"https:\\\/\\\/kanzy.fr\\\/index.php\\\/product\\\/babouche-berbere-traditionnelle-femme-pompons-bleu\\\/#breadcrumb\"},\"inLanguage\":\"fr-FR\",\"potentialAction\":[{\"@type\":\"ReadAction\",\"target\":[\"https:\\\/\\\/kanzy.fr\\\/index.php\\\/product\\\/babouche-berbere-traditionnelle-femme-pompons-bleu\\\/\"]}]},{\"@type\":\"ImageObject\",\"inLanguage\":\"fr-FR\",\"@id\":\"https:\\\/\\\/kanzy.fr\\\/index.php\\\/product\\\/babouche-berbere-traditionnelle-femme-pompons-bleu\\\/#primaryimage\",\"url\":\"https:\\\/\\\/kanzy.fr\\\/wp-content\\\/uploads\\\/2023\\\/10\\\/20231022_132654-scaled.jpg\",\"contentUrl\":\"https:\\\/\\\/kanzy.fr\\\/wp-content\\\/uploads\\\/2023\\\/10\\\/20231022_132654-scaled.jpg\",\"width\":1920,\"height\":2560,\"caption\":\"Babouche Berb\u00e8re Traditionnelle pour Femme Pompons - Bleu : \u00c9l\u00e9gance Vibrante\"},{\"@type\":\"BreadcrumbList\",\"@id\":\"https:\\\/\\\/kanzy.fr\\\/index.php\\\/product\\\/babouche-berbere-traditionnelle-femme-pompons-bleu\\\/#breadcrumb\",\"itemListElement\":[{\"@type\":\"ListItem\",\"position\":1,\"name\":\"Accueil\",\"item\":\"https:\\\/\\\/kanzy.fr\\\/\"},{\"@type\":\"ListItem\",\"position\":2,\"name\":\"Boutique\",\"item\":\"https:\\\/\\\/kanzy.fr\\\/\"},{\"@type\":\"ListItem\",\"position\":3,\"name\":\"Babouche berb\u00e8re traditionnelle femme Pompons &#8211; Bleu\"}]},{\"@type\":\"WebSite\",\"@id\":\"https:\\\/\\\/kanzy.fr\\\/#website\",\"url\":\"https:\\\/\\\/kanzy.fr\\\/\",\"name\":\"KANZY\",\"description\":\"Bienvenue sur Kanzy.fr, votre destination en ligne pour l&#039;\u00e9l\u00e9gance et le charme des v\u00eatements traditionnels marocains. Plongez dans l&#039;univers captivant de la mode marocaine et d\u00e9couvrez une s\u00e9lection soigneusement choisie de v\u00eatements authentiques qui c\u00e9l\u00e8brent l&#039;h\u00e9ritage culturel du Maroc.\",\"publisher\":{\"@id\":\"https:\\\/\\\/kanzy.fr\\\/#organization\"},\"potentialAction\":[{\"@type\":\"SearchAction\",\"target\":{\"@type\":\"EntryPoint\",\"urlTemplate\":\"https:\\\/\\\/kanzy.fr\\\/?s={search_term_string}\"},\"query-input\":{\"@type\":\"PropertyValueSpecification\",\"valueRequired\":true,\"valueName\":\"search_term_string\"}}],\"inLanguage\":\"fr-FR\"},{\"@type\":\"Organization\",\"@id\":\"https:\\\/\\\/kanzy.fr\\\/#organization\",\"name\":\"KANZY\",\"url\":\"https:\\\/\\\/kanzy.fr\\\/\",\"logo\":{\"@type\":\"ImageObject\",\"inLanguage\":\"fr-FR\",\"@id\":\"https:\\\/\\\/kanzy.fr\\\/#\\\/schema\\\/logo\\\/image\\\/\",\"url\":\"https:\\\/\\\/kanzy.fr\\\/wp-content\\\/uploads\\\/2023\\\/11\\\/cropped-1697977786494-2.png\",\"contentUrl\":\"https:\\\/\\\/kanzy.fr\\\/wp-content\\\/uploads\\\/2023\\\/11\\\/cropped-1697977786494-2.png\",\"width\":100,\"height\":49,\"caption\":\"KANZY\"},\"image\":{\"@id\":\"https:\\\/\\\/kanzy.fr\\\/#\\\/schema\\\/logo\\\/image\\\/\"},\"sameAs\":[\"https:\\\/\\\/www.facebook.com\\\/kanzy.fr1\\\/\"]}]}<\/script>\n<!-- \/ Yoast SEO plugin. -->","yoast_head_json":{"title":"Babouche berb\u00e8re traditionnelle femme Pompons - Bleu - KANZY","robots":{"index":"index","follow":"follow","max-snippet":"max-snippet:-1","max-image-preview":"max-image-preview:large","max-video-preview":"max-video-preview:-1"},"canonical":"https:\/\/kanzy.fr\/index.php\/product\/babouche-berbere-traditionnelle-femme-pompons-bleu\/","og_locale":"fr_FR","og_type":"article","og_title":"Babouche berb\u00e8re traditionnelle femme Pompons - Bleu - KANZY","og_description":"Ces babouches incarnent l'\u00e9l\u00e9gance de la tradition berb\u00e8re avec une touche de vitalit\u00e9 gr\u00e2ce \u00e0 leurs pompons charmants. Confectionn\u00e9es \u00e0 la main par des artisans berb\u00e8res talentueux, elles sont polyvalentes et confortables, parfaites pour toutes les occasions. Un hommage au patrimoine berb\u00e8re avec une touche de vivacit\u00e9.","og_url":"https:\/\/kanzy.fr\/index.php\/product\/babouche-berbere-traditionnelle-femme-pompons-bleu\/","og_site_name":"KANZY","article_publisher":"https:\/\/www.facebook.com\/kanzy.fr1\/","article_modified_time":"2024-07-30T20:02:01+00:00","og_image":[{"width":1920,"height":2560,"url":"http:\/\/kanzy.fr\/wp-content\/uploads\/2023\/10\/20231022_132654-scaled.jpg","type":"image\/jpeg"}],"twitter_card":"summary_large_image","twitter_misc":{"Dur\u00e9e de lecture estim\u00e9e":"1 minute"},"schema":{"@context":"https:\/\/schema.org","@graph":[{"@type":"WebPage","@id":"https:\/\/kanzy.fr\/index.php\/product\/babouche-berbere-traditionnelle-femme-pompons-bleu\/","url":"https:\/\/kanzy.fr\/index.php\/product\/babouche-berbere-traditionnelle-femme-pompons-bleu\/","name":"Babouche berb\u00e8re traditionnelle femme Pompons - Bleu - KANZY","isPartOf":{"@id":"https:\/\/kanzy.fr\/#website"},"primaryImageOfPage":{"@id":"https:\/\/kanzy.fr\/index.php\/product\/babouche-berbere-traditionnelle-femme-pompons-bleu\/#primaryimage"},"image":{"@id":"https:\/\/kanzy.fr\/index.php\/product\/babouche-berbere-traditionnelle-femme-pompons-bleu\/#primaryimage"},"thumbnailUrl":"https:\/\/kanzy.fr\/wp-content\/uploads\/2023\/10\/20231022_132654-scaled.jpg","datePublished":"2023-10-26T22:14:28+00:00","dateModified":"2024-07-30T20:02:01+00:00","breadcrumb":{"@id":"https:\/\/kanzy.fr\/index.php\/product\/babouche-berbere-traditionnelle-femme-pompons-bleu\/#breadcrumb"},"inLanguage":"fr-FR","potentialAction":[{"@type":"ReadAction","target":["https:\/\/kanzy.fr\/index.php\/product\/babouche-berbere-traditionnelle-femme-pompons-bleu\/"]}]},{"@type":"ImageObject","inLanguage":"fr-FR","@id":"https:\/\/kanzy.fr\/index.php\/product\/babouche-berbere-traditionnelle-femme-pompons-bleu\/#primaryimage","url":"https:\/\/kanzy.fr\/wp-content\/uploads\/2023\/10\/20231022_132654-scaled.jpg","contentUrl":"https:\/\/kanzy.fr\/wp-content\/uploads\/2023\/10\/20231022_132654-scaled.jpg","width":1920,"height":2560,"caption":"Babouche Berb\u00e8re Traditionnelle pour Femme Pompons - Bleu : \u00c9l\u00e9gance Vibrante"},{"@type":"BreadcrumbList","@id":"https:\/\/kanzy.fr\/index.php\/product\/babouche-berbere-traditionnelle-femme-pompons-bleu\/#breadcrumb","itemListElement":[{"@type":"ListItem","position":1,"name":"Accueil","item":"https:\/\/kanzy.fr\/"},{"@type":"ListItem","position":2,"name":"Boutique","item":"https:\/\/kanzy.fr\/"},{"@type":"ListItem","position":3,"name":"Babouche berb\u00e8re traditionnelle femme Pompons &#8211; Bleu"}]},{"@type":"WebSite","@id":"https:\/\/kanzy.fr\/#website","url":"https:\/\/kanzy.fr\/","name":"KANZY","description":"Bienvenue sur Kanzy.fr, votre destination en ligne pour l&#039;\u00e9l\u00e9gance et le charme des v\u00eatements traditionnels marocains. Plongez dans l&#039;univers captivant de la mode marocaine et d\u00e9couvrez une s\u00e9lection soigneusement choisie de v\u00eatements authentiques qui c\u00e9l\u00e8brent l&#039;h\u00e9ritage culturel du Maroc.","publisher":{"@id":"https:\/\/kanzy.fr\/#organization"},"potentialAction":[{"@type":"SearchAction","target":{"@type":"EntryPoint","urlTemplate":"https:\/\/kanzy.fr\/?s={search_term_string}"},"query-input":{"@type":"PropertyValueSpecification","valueRequired":true,"valueName":"search_term_string"}}],"inLanguage":"fr-FR"},{"@type":"Organization","@id":"https:\/\/kanzy.fr\/#organization","name":"KANZY","url":"https:\/\/kanzy.fr\/","logo":{"@type":"ImageObject","inLanguage":"fr-FR","@id":"https:\/\/kanzy.fr\/#\/schema\/logo\/image\/","url":"https:\/\/kanzy.fr\/wp-content\/uploads\/2023\/11\/cropped-1697977786494-2.png","contentUrl":"https:\/\/kanzy.fr\/wp-content\/uploads\/2023\/11\/cropped-1697977786494-2.png","width":100,"height":49,"caption":"KANZY"},"image":{"@id":"https:\/\/kanzy.fr\/#\/schema\/logo\/image\/"},"sameAs":["https:\/\/www.facebook.com\/kanzy.fr1\/"]}]}},"_links":{"self":[{"href":"https:\/\/kanzy.fr\/index.php\/wp-json\/wp\/v2\/product\/195","targetHints":{"allow":["GET"]}}],"collection":[{"href":"https:\/\/kanzy.fr\/index.php\/wp-json\/wp\/v2\/product"}],"about":[{"href":"https:\/\/kanzy.fr\/index.php\/wp-json\/wp\/v2\/types\/product"}],"replies":[{"embeddable":true,"href":"https:\/\/kanzy.fr\/index.php\/wp-json\/wp\/v2\/comments?post=195"}],"wp:featuredmedia":[{"embeddable":true,"href":"https:\/\/kanzy.fr\/index.php\/wp-json\/wp\/v2\/media\/196"}],"wp:attachment":[{"href":"https:\/\/kanzy.fr\/index.php\/wp-json\/wp\/v2\/media?parent=195"}],"wp:term":[{"taxonomy":"product_brand","embeddable":true,"href":"https:\/\/kanzy.fr\/index.php\/wp-json\/wp\/v2\/product_brand?post=195"},{"taxonomy":"product_cat","embeddable":true,"href":"https:\/\/kanzy.fr\/index.php\/wp-json\/wp\/v2\/product_cat?post=195"},{"taxonomy":"product_tag","embeddable":true,"href":"https:\/\/kanzy.fr\/index.php\/wp-json\/wp\/v2\/product_tag?post=195"}],"curies":[{"name":"wp","href":"https:\/\/api.w.org\/{rel}","templated":true}]}}