{"id":281,"date":"2023-10-29T14:44:22","date_gmt":"2023-10-29T14:44:22","guid":{"rendered":"https:\/\/kanzy.fr\/?post_type=product&#038;p=281"},"modified":"2024-11-03T12:45:37","modified_gmt":"2024-11-03T12:45:37","slug":"zif-hayati-foulard-hammam-rouge","status":"publish","type":"product","link":"https:\/\/kanzy.fr\/index.php\/product\/zif-hayati-foulard-hammam-rouge\/","title":{"rendered":"Zif Hayati &#8211; Foulard Hammam &#8211; Rouge"},"content":{"rendered":"<p>Explorez la passion de la culture marocaine avec notre Zif Hayati, un sublime foulard hammam rouge. Cet accessoire embl\u00e9matique capture la chaleur et l&rsquo;authenticit\u00e9 du Maroc.<\/p>\n<p>Le Zif Hayati est bien plus qu&rsquo;un simple tissu. C&rsquo;est un hommage \u00e0 l&rsquo;artisanat marocain et \u00e0 la beaut\u00e9 de la passion. Sa couleur rouge vibrante \u00e9voque l&rsquo;\u00e9nergie et la cr\u00e9ativit\u00e9, ajoutant une touche de tradition et de chaleur \u00e0 votre tenue.<\/p>\n<p>Chaque foulard est tiss\u00e9 avec soin, refl\u00e9tant l&rsquo;art et la culture marocains. Portez-le fi\u00e8rement pour ajouter une touche d&rsquo;authenticit\u00e9 \u00e0 votre style.<\/p>\n<p>Explorez la beaut\u00e9 et la passion de la culture marocaine avec notre Zif Hayati, un hommage \u00e0 l&rsquo;artisanat et \u00e0 l&rsquo;\u00e9l\u00e9gance marocains.<\/p>\n","protected":false},"excerpt":{"rendered":"<p>Un foulard vibrant qui incarne la passion de la culture marocaine. Ajoutez une touche d&rsquo;authenticit\u00e9 \u00e0 votre style avec ce symbole de chaleur et d&rsquo;\u00e9l\u00e9gance. D\u00e9couvrez la beaut\u00e9 marocaine en toute simplicit\u00e9.<\/p>\n","protected":false},"featured_media":282,"comment_status":"open","ping_status":"closed","template":"","meta":[],"product_brand":[],"product_cat":[20],"product_tag":[46,47,51,68,76,72,70,75],"class_list":{"0":"post-281","1":"product","2":"type-product","3":"status-publish","4":"has-post-thumbnail","6":"product_cat-foulard","7":"product_tag-amazigh","8":"product_tag-artisanat","9":"product_tag-berbere","10":"product_tag-foulard","11":"product_tag-hayati","12":"product_tag-rouge","13":"product_tag-voile","14":"product_tag-zif","16":"first","17":"outofstock","18":"shipping-taxable","19":"purchasable","20":"product-type-simple"},"yoast_head":"<!-- This site is optimized with the Yoast SEO plugin v27.3 - https:\/\/yoast.com\/product\/yoast-seo-wordpress\/ -->\n<title>Zif Hayati - Foulard Hammam - Rouge - KANZY<\/title>\n<meta name=\"robots\" content=\"index, follow, max-snippet:-1, max-image-preview:large, max-video-preview:-1\" \/>\n<link rel=\"canonical\" href=\"https:\/\/kanzy.fr\/index.php\/product\/zif-hayati-foulard-hammam-rouge\/\" \/>\n<meta property=\"og:locale\" content=\"fr_FR\" \/>\n<meta property=\"og:type\" content=\"article\" \/>\n<meta property=\"og:title\" content=\"Zif Hayati - Foulard Hammam - Rouge - KANZY\" \/>\n<meta property=\"og:description\" content=\"Un foulard vibrant qui incarne la passion de la culture marocaine. Ajoutez une touche d&#039;authenticit\u00e9 \u00e0 votre style avec ce symbole de chaleur et d&#039;\u00e9l\u00e9gance. D\u00e9couvrez la beaut\u00e9 marocaine en toute simplicit\u00e9.\" \/>\n<meta property=\"og:url\" content=\"https:\/\/kanzy.fr\/index.php\/product\/zif-hayati-foulard-hammam-rouge\/\" \/>\n<meta property=\"og:site_name\" content=\"KANZY\" \/>\n<meta property=\"article:publisher\" content=\"https:\/\/www.facebook.com\/kanzy.fr1\/\" \/>\n<meta property=\"article:modified_time\" content=\"2024-11-03T12:45:37+00:00\" \/>\n<meta property=\"og:image\" content=\"http:\/\/kanzy.fr\/wp-content\/uploads\/2023\/10\/1698490268042-scaled.jpg\" \/>\n\t<meta property=\"og:image:width\" content=\"1920\" \/>\n\t<meta property=\"og:image:height\" content=\"2560\" \/>\n\t<meta property=\"og:image:type\" content=\"image\/jpeg\" \/>\n<meta name=\"twitter:card\" content=\"summary_large_image\" \/>\n<meta name=\"twitter:label1\" content=\"Dur\u00e9e de lecture estim\u00e9e\" \/>\n\t<meta name=\"twitter:data1\" content=\"1 minute\" \/>\n<script type=\"application\/ld+json\" class=\"yoast-schema-graph\">{\"@context\":\"https:\\\/\\\/schema.org\",\"@graph\":[{\"@type\":\"WebPage\",\"@id\":\"https:\\\/\\\/kanzy.fr\\\/index.php\\\/product\\\/zif-hayati-foulard-hammam-rouge\\\/\",\"url\":\"https:\\\/\\\/kanzy.fr\\\/index.php\\\/product\\\/zif-hayati-foulard-hammam-rouge\\\/\",\"name\":\"Zif Hayati - Foulard Hammam - Rouge - KANZY\",\"isPartOf\":{\"@id\":\"https:\\\/\\\/kanzy.fr\\\/#website\"},\"primaryImageOfPage\":{\"@id\":\"https:\\\/\\\/kanzy.fr\\\/index.php\\\/product\\\/zif-hayati-foulard-hammam-rouge\\\/#primaryimage\"},\"image\":{\"@id\":\"https:\\\/\\\/kanzy.fr\\\/index.php\\\/product\\\/zif-hayati-foulard-hammam-rouge\\\/#primaryimage\"},\"thumbnailUrl\":\"https:\\\/\\\/kanzy.fr\\\/wp-content\\\/uploads\\\/2023\\\/10\\\/1698490268042-scaled.jpg\",\"datePublished\":\"2023-10-29T14:44:22+00:00\",\"dateModified\":\"2024-11-03T12:45:37+00:00\",\"breadcrumb\":{\"@id\":\"https:\\\/\\\/kanzy.fr\\\/index.php\\\/product\\\/zif-hayati-foulard-hammam-rouge\\\/#breadcrumb\"},\"inLanguage\":\"fr-FR\",\"potentialAction\":[{\"@type\":\"ReadAction\",\"target\":[\"https:\\\/\\\/kanzy.fr\\\/index.php\\\/product\\\/zif-hayati-foulard-hammam-rouge\\\/\"]}]},{\"@type\":\"ImageObject\",\"inLanguage\":\"fr-FR\",\"@id\":\"https:\\\/\\\/kanzy.fr\\\/index.php\\\/product\\\/zif-hayati-foulard-hammam-rouge\\\/#primaryimage\",\"url\":\"https:\\\/\\\/kanzy.fr\\\/wp-content\\\/uploads\\\/2023\\\/10\\\/1698490268042-scaled.jpg\",\"contentUrl\":\"https:\\\/\\\/kanzy.fr\\\/wp-content\\\/uploads\\\/2023\\\/10\\\/1698490268042-scaled.jpg\",\"width\":1920,\"height\":2560,\"caption\":\"Zif Hayati - Foulard Hammam Rouge\"},{\"@type\":\"BreadcrumbList\",\"@id\":\"https:\\\/\\\/kanzy.fr\\\/index.php\\\/product\\\/zif-hayati-foulard-hammam-rouge\\\/#breadcrumb\",\"itemListElement\":[{\"@type\":\"ListItem\",\"position\":1,\"name\":\"Accueil\",\"item\":\"https:\\\/\\\/kanzy.fr\\\/\"},{\"@type\":\"ListItem\",\"position\":2,\"name\":\"Boutique\",\"item\":\"https:\\\/\\\/kanzy.fr\\\/\"},{\"@type\":\"ListItem\",\"position\":3,\"name\":\"Zif Hayati &#8211; Foulard Hammam &#8211; Rouge\"}]},{\"@type\":\"WebSite\",\"@id\":\"https:\\\/\\\/kanzy.fr\\\/#website\",\"url\":\"https:\\\/\\\/kanzy.fr\\\/\",\"name\":\"KANZY\",\"description\":\"Bienvenue sur Kanzy.fr, votre destination en ligne pour l&#039;\u00e9l\u00e9gance et le charme des v\u00eatements traditionnels marocains. Plongez dans l&#039;univers captivant de la mode marocaine et d\u00e9couvrez une s\u00e9lection soigneusement choisie de v\u00eatements authentiques qui c\u00e9l\u00e8brent l&#039;h\u00e9ritage culturel du Maroc.\",\"publisher\":{\"@id\":\"https:\\\/\\\/kanzy.fr\\\/#organization\"},\"potentialAction\":[{\"@type\":\"SearchAction\",\"target\":{\"@type\":\"EntryPoint\",\"urlTemplate\":\"https:\\\/\\\/kanzy.fr\\\/?s={search_term_string}\"},\"query-input\":{\"@type\":\"PropertyValueSpecification\",\"valueRequired\":true,\"valueName\":\"search_term_string\"}}],\"inLanguage\":\"fr-FR\"},{\"@type\":\"Organization\",\"@id\":\"https:\\\/\\\/kanzy.fr\\\/#organization\",\"name\":\"KANZY\",\"url\":\"https:\\\/\\\/kanzy.fr\\\/\",\"logo\":{\"@type\":\"ImageObject\",\"inLanguage\":\"fr-FR\",\"@id\":\"https:\\\/\\\/kanzy.fr\\\/#\\\/schema\\\/logo\\\/image\\\/\",\"url\":\"https:\\\/\\\/kanzy.fr\\\/wp-content\\\/uploads\\\/2023\\\/11\\\/cropped-1697977786494-2.png\",\"contentUrl\":\"https:\\\/\\\/kanzy.fr\\\/wp-content\\\/uploads\\\/2023\\\/11\\\/cropped-1697977786494-2.png\",\"width\":100,\"height\":49,\"caption\":\"KANZY\"},\"image\":{\"@id\":\"https:\\\/\\\/kanzy.fr\\\/#\\\/schema\\\/logo\\\/image\\\/\"},\"sameAs\":[\"https:\\\/\\\/www.facebook.com\\\/kanzy.fr1\\\/\"]}]}<\/script>\n<!-- \/ Yoast SEO plugin. -->","yoast_head_json":{"title":"Zif Hayati - Foulard Hammam - Rouge - KANZY","robots":{"index":"index","follow":"follow","max-snippet":"max-snippet:-1","max-image-preview":"max-image-preview:large","max-video-preview":"max-video-preview:-1"},"canonical":"https:\/\/kanzy.fr\/index.php\/product\/zif-hayati-foulard-hammam-rouge\/","og_locale":"fr_FR","og_type":"article","og_title":"Zif Hayati - Foulard Hammam - Rouge - KANZY","og_description":"Un foulard vibrant qui incarne la passion de la culture marocaine. Ajoutez une touche d'authenticit\u00e9 \u00e0 votre style avec ce symbole de chaleur et d'\u00e9l\u00e9gance. D\u00e9couvrez la beaut\u00e9 marocaine en toute simplicit\u00e9.","og_url":"https:\/\/kanzy.fr\/index.php\/product\/zif-hayati-foulard-hammam-rouge\/","og_site_name":"KANZY","article_publisher":"https:\/\/www.facebook.com\/kanzy.fr1\/","article_modified_time":"2024-11-03T12:45:37+00:00","og_image":[{"width":1920,"height":2560,"url":"http:\/\/kanzy.fr\/wp-content\/uploads\/2023\/10\/1698490268042-scaled.jpg","type":"image\/jpeg"}],"twitter_card":"summary_large_image","twitter_misc":{"Dur\u00e9e de lecture estim\u00e9e":"1 minute"},"schema":{"@context":"https:\/\/schema.org","@graph":[{"@type":"WebPage","@id":"https:\/\/kanzy.fr\/index.php\/product\/zif-hayati-foulard-hammam-rouge\/","url":"https:\/\/kanzy.fr\/index.php\/product\/zif-hayati-foulard-hammam-rouge\/","name":"Zif Hayati - Foulard Hammam - Rouge - KANZY","isPartOf":{"@id":"https:\/\/kanzy.fr\/#website"},"primaryImageOfPage":{"@id":"https:\/\/kanzy.fr\/index.php\/product\/zif-hayati-foulard-hammam-rouge\/#primaryimage"},"image":{"@id":"https:\/\/kanzy.fr\/index.php\/product\/zif-hayati-foulard-hammam-rouge\/#primaryimage"},"thumbnailUrl":"https:\/\/kanzy.fr\/wp-content\/uploads\/2023\/10\/1698490268042-scaled.jpg","datePublished":"2023-10-29T14:44:22+00:00","dateModified":"2024-11-03T12:45:37+00:00","breadcrumb":{"@id":"https:\/\/kanzy.fr\/index.php\/product\/zif-hayati-foulard-hammam-rouge\/#breadcrumb"},"inLanguage":"fr-FR","potentialAction":[{"@type":"ReadAction","target":["https:\/\/kanzy.fr\/index.php\/product\/zif-hayati-foulard-hammam-rouge\/"]}]},{"@type":"ImageObject","inLanguage":"fr-FR","@id":"https:\/\/kanzy.fr\/index.php\/product\/zif-hayati-foulard-hammam-rouge\/#primaryimage","url":"https:\/\/kanzy.fr\/wp-content\/uploads\/2023\/10\/1698490268042-scaled.jpg","contentUrl":"https:\/\/kanzy.fr\/wp-content\/uploads\/2023\/10\/1698490268042-scaled.jpg","width":1920,"height":2560,"caption":"Zif Hayati - Foulard Hammam Rouge"},{"@type":"BreadcrumbList","@id":"https:\/\/kanzy.fr\/index.php\/product\/zif-hayati-foulard-hammam-rouge\/#breadcrumb","itemListElement":[{"@type":"ListItem","position":1,"name":"Accueil","item":"https:\/\/kanzy.fr\/"},{"@type":"ListItem","position":2,"name":"Boutique","item":"https:\/\/kanzy.fr\/"},{"@type":"ListItem","position":3,"name":"Zif Hayati &#8211; Foulard Hammam &#8211; Rouge"}]},{"@type":"WebSite","@id":"https:\/\/kanzy.fr\/#website","url":"https:\/\/kanzy.fr\/","name":"KANZY","description":"Bienvenue sur Kanzy.fr, votre destination en ligne pour l&#039;\u00e9l\u00e9gance et le charme des v\u00eatements traditionnels marocains. Plongez dans l&#039;univers captivant de la mode marocaine et d\u00e9couvrez une s\u00e9lection soigneusement choisie de v\u00eatements authentiques qui c\u00e9l\u00e8brent l&#039;h\u00e9ritage culturel du Maroc.","publisher":{"@id":"https:\/\/kanzy.fr\/#organization"},"potentialAction":[{"@type":"SearchAction","target":{"@type":"EntryPoint","urlTemplate":"https:\/\/kanzy.fr\/?s={search_term_string}"},"query-input":{"@type":"PropertyValueSpecification","valueRequired":true,"valueName":"search_term_string"}}],"inLanguage":"fr-FR"},{"@type":"Organization","@id":"https:\/\/kanzy.fr\/#organization","name":"KANZY","url":"https:\/\/kanzy.fr\/","logo":{"@type":"ImageObject","inLanguage":"fr-FR","@id":"https:\/\/kanzy.fr\/#\/schema\/logo\/image\/","url":"https:\/\/kanzy.fr\/wp-content\/uploads\/2023\/11\/cropped-1697977786494-2.png","contentUrl":"https:\/\/kanzy.fr\/wp-content\/uploads\/2023\/11\/cropped-1697977786494-2.png","width":100,"height":49,"caption":"KANZY"},"image":{"@id":"https:\/\/kanzy.fr\/#\/schema\/logo\/image\/"},"sameAs":["https:\/\/www.facebook.com\/kanzy.fr1\/"]}]}},"_links":{"self":[{"href":"https:\/\/kanzy.fr\/index.php\/wp-json\/wp\/v2\/product\/281","targetHints":{"allow":["GET"]}}],"collection":[{"href":"https:\/\/kanzy.fr\/index.php\/wp-json\/wp\/v2\/product"}],"about":[{"href":"https:\/\/kanzy.fr\/index.php\/wp-json\/wp\/v2\/types\/product"}],"replies":[{"embeddable":true,"href":"https:\/\/kanzy.fr\/index.php\/wp-json\/wp\/v2\/comments?post=281"}],"wp:featuredmedia":[{"embeddable":true,"href":"https:\/\/kanzy.fr\/index.php\/wp-json\/wp\/v2\/media\/282"}],"wp:attachment":[{"href":"https:\/\/kanzy.fr\/index.php\/wp-json\/wp\/v2\/media?parent=281"}],"wp:term":[{"taxonomy":"product_brand","embeddable":true,"href":"https:\/\/kanzy.fr\/index.php\/wp-json\/wp\/v2\/product_brand?post=281"},{"taxonomy":"product_cat","embeddable":true,"href":"https:\/\/kanzy.fr\/index.php\/wp-json\/wp\/v2\/product_cat?post=281"},{"taxonomy":"product_tag","embeddable":true,"href":"https:\/\/kanzy.fr\/index.php\/wp-json\/wp\/v2\/product_tag?post=281"}],"curies":[{"name":"wp","href":"https:\/\/api.w.org\/{rel}","templated":true}]}}